{"id":7694,"date":"2019-11-14T18:14:03","date_gmt":"2019-11-14T17:14:03","guid":{"rendered":"http:\/\/rezon-poznan.pl\/squash\/?page_id=7694"},"modified":"2021-06-07T17:06:30","modified_gmt":"2021-06-07T15:06:30","slug":"squash-camp","status":"publish","type":"page","link":"https:\/\/rezon-poznan.pl\/squash\/squash-camp\/","title":{"rendered":"Squash Camp"},"content":{"rendered":"<p>[et_pb_section fb_built=&#8221;1&#8243; _builder_version=&#8221;3.22&#8243; background_image=&#8221;https:\/\/rezon-poznan.pl\/squash\/wp-content\/uploads\/2017\/11\/slider-squash-rezon.jpg&#8221; custom_margin=&#8221;0px||0px|&#8221; custom_padding=&#8221;5px||5px|&#8221; locked=&#8221;off&#8221;][et_pb_row _builder_version=&#8221;3.25&#8243;][et_pb_column type=&#8221;4_4&#8243; _builder_version=&#8221;3.25&#8243; custom_padding=&#8221;|||&#8221; custom_padding__hover=&#8221;|||&#8221;][et_pb_text _builder_version=&#8221;4.0.6&#8243; text_font=&#8221;Paytone One||||||||&#8221; text_font_size=&#8221;55px&#8221; text_orientation=&#8221;center&#8221; background_layout=&#8221;dark&#8221; module_alignment=&#8221;center&#8221;]Rezon Squash Camp[\/et_pb_text][\/et_pb_column][\/et_pb_row][\/et_pb_section][et_pb_section fb_built=&#8221;1&#8243; _builder_version=&#8221;3.22&#8243; background_image=&#8221;http:\/\/rezon-poznan.pl\/wp-content\/uploads\/2017\/11\/background.png&#8221; parallax=&#8221;on&#8221; parallax_method=&#8221;off&#8221; locked=&#8221;off&#8221;][et_pb_row _builder_version=&#8221;3.25&#8243;][et_pb_column type=&#8221;4_4&#8243; _builder_version=&#8221;3.25&#8243; custom_padding=&#8221;|||&#8221; custom_padding__hover=&#8221;|||&#8221;][et_pb_code]<a name=\"ZAJECIAINDYWIDUALNE\"><\/a>[\/et_pb_code][\/et_pb_column][\/et_pb_row][et_pb_row column_structure=&#8221;1_2,1_2&#8243; _builder_version=&#8221;3.25&#8243; background_size=&#8221;initial&#8221; background_position=&#8221;top_left&#8221; background_repeat=&#8221;repeat&#8221;][et_pb_column type=&#8221;1_2&#8243; _builder_version=&#8221;3.25&#8243; custom_padding=&#8221;|||&#8221; custom_padding__hover=&#8221;|||&#8221;][et_pb_image align_tablet=&#8221;center&#8221; align_phone=&#8221;&#8221; align_last_edited=&#8221;on|desktop&#8221; _builder_version=&#8221;4.0.6&#8243; animation_style=&#8221;flip&#8221;]&nbsp;<br \/>\n[\/et_pb_image][\/et_pb_column][et_pb_column type=&#8221;1_2&#8243; _builder_version=&#8221;3.25&#8243; custom_padding=&#8221;|||&#8221; custom_padding__hover=&#8221;|||&#8221;][et_pb_text _builder_version=&#8221;4.0.6&#8243; text_font=&#8221;Paytone One|700|||||||&#8221; text_text_color=&#8221;#353535&#8243; text_font_size=&#8221;30px&#8221; text_letter_spacing=&#8221;2px&#8221; background_layout=&#8221;dark&#8221;]Squash Camp[\/et_pb_text][et_pb_text _builder_version=&#8221;4.0.11&#8243;]<\/p>\n<p>Zapraszamy wszystkich \u015brednio zaawansowanych graczy na <strong>SQUASH CAMP<\/strong>. Dwugodzinny trening pod czujnym okiem do\u015bwiadczonego trenera pozwoli Wam podnie\u015b\u0107 swoje umiej\u0119tno\u015bci. Jest to tak\u017ce doskona\u0142a okazja na poznanie nowych os\u00f3b i sparingpartner\u00f3w.<\/p>\n<p>Podczas treningu b\u0119dziecie mieli okazj\u0119:<\/p>\n<ul>\n<li>poprawi\u0107 swoj\u0105 sprawno\u015b\u0107 i wytrzyma\u0142o\u015b\u0107<\/li>\n<li>wykonywa\u0107 \u0107wiczenia, kt\u00f3re pomog\u0105 Wam poprawi\u0107 poruszanie si\u0119 po korcie<\/li>\n<li>doskonali\u0107 technik\u0119: trzymanie rakiety, poprawne wykonywanie odbi\u0107, rodzaje odbi\u0107<\/li>\n<li>doskonali\u0107 taktyk\u0119: dob\u00f3r odpowiedniego odbicia do sytuacji na korcie<\/li>\n<\/ul>\n<p><strong>SQUASH CAMP<\/strong> to tak\u017ce gry warunkowe z realizacj\u0105 za\u0142o\u017ce\u0144 taktycznych oraz sparingi.<\/p>\n<p>Nigdy nie gra\u0142a\u015b\/e\u015b w squasha a chcia\u0142aby\u015b\/chcia\u0142by\u015b spr\u00f3bowa\u0107? Prowadzimy tak\u017ce <strong>SQUASH CAMPY<\/strong> dla os\u00f3b pocz\u0105tkuj\u0105cych &#8211; zaczynaj\u0105cych swoj\u0105 przygod\u0119 ze squashem. Wykwalifikowany trener wprowadzi Was w tajniki squasha. Poznacie podstawowe zasady panuj\u0105ce na korcie, dowiecie si\u0119 jak poprawnie trzyma\u0107 rakiet\u0119 oraz poznacie podstawowe zagrania.<\/p>\n<p><u>Zapisy:<\/u><\/p>\n<ul>\n<li>Telefonicznie: <strong>880-984-886<\/strong><\/li>\n<li>Osobi\u015bcie: w recepcji klubu<\/li>\n<li>Mailowo: <a href=\"mailto:recepcja@rezon-poznan.pl\">recepcja@rezon-poznan.pl<\/a><\/li>\n<\/ul>\n<p>Koszt: <strong>50 z\u0142\/os.<\/strong><\/p>\n<p>(<strong>-15 z\u0142<\/strong> dla posiadaczy kart <strong>MultiSport<\/strong>, <strong>Medicover Sport<\/strong>, <strong>FitProfit<\/strong>)<\/p>\n<h5>Informacje o najbli\u017cszych terminach na naszym Facebooku.<\/h5>\n<p><em>Do zobaczenia na korcie!<\/em><\/p>\n<p>[\/et_pb_text][\/et_pb_column][\/et_pb_row][\/et_pb_section][et_pb_section fb_built=&#8221;1&#8243; _builder_version=&#8221;3.0.86&#8243; background_color=&#8221;#a8a8a8&#8243; background_image=&#8221;https:\/\/rezon-poznan.pl\/squash\/wp-content\/uploads\/2017\/11\/background.png&#8221; parallax=&#8221;on&#8221; parallax_method=&#8221;off&#8221; custom_padding=&#8221;17px|0px|0px|0px&#8221; global_module=&#8221;6683&#8243; locked=&#8221;off&#8221;][et_pb_row column_structure=&#8221;1_4,1_4,1_4,1_4&#8243; _builder_version=&#8221;3.25&#8243; background_size=&#8221;initial&#8221; background_position=&#8221;top_left&#8221; background_repeat=&#8221;repeat&#8221; custom_padding=&#8221;6px|0px|36px|0px&#8221;][et_pb_column type=&#8221;1_4&#8243; _builder_version=&#8221;3.25&#8243; custom_padding=&#8221;|||&#8221; custom_padding__hover=&#8221;|||&#8221;][et_pb_image src=&#8221;https:\/\/rezon-poznan.pl\/squash\/wp-content\/uploads\/2017\/11\/logo-squash.png&#8221; align_tablet=&#8221;center&#8221; align_phone=&#8221;&#8221; align_last_edited=&#8221;on|desktop&#8221; _builder_version=&#8221;3.23&#8243; max_width=&#8221;80%&#8221; module_alignment=&#8221;left&#8221; custom_margin=&#8221;0px|||&#8221; animation_style=&#8221;fold&#8221; always_center_on_mobile=&#8221;on&#8221;][\/et_pb_image][\/et_pb_column][et_pb_column type=&#8221;1_4&#8243; _builder_version=&#8221;3.25&#8243; custom_padding=&#8221;|||&#8221; custom_padding__hover=&#8221;|||&#8221;][et_pb_text _builder_version=&#8221;3.27.4&#8243; text_font=&#8221;Paytone One||||||||&#8221; text_text_color=&#8221;#ffffff&#8221; text_font_size=&#8221;15px&#8221; text_text_shadow_style=&#8221;preset3&#8243;]<\/p>\n<p>CENTRUM REZON<\/p>\n<p>[\/et_pb_text][et_pb_text _builder_version=&#8221;3.27.4&#8243; text_font=&#8221;Lato||||||||&#8221; text_font_size=&#8221;15px&#8221;]<\/p>\n<p>ul. Kolejowa 32\u200e<br \/>62-064\u00a0<span style=\"font-size: 15px;\">Plewiska <\/span><\/p>\n<p>[\/et_pb_text][\/et_pb_column][et_pb_column type=&#8221;1_4&#8243; _builder_version=&#8221;3.25&#8243; custom_padding=&#8221;|||&#8221; custom_padding__hover=&#8221;|||&#8221;][et_pb_text _builder_version=&#8221;3.27.4&#8243; text_font=&#8221;Paytone One||||||||&#8221; text_font_size=&#8221;15px&#8221; background_layout=&#8221;dark&#8221; text_text_shadow_style=&#8221;preset3&#8243;]<\/p>\n<p>REZERWACJE<\/p>\n<p>[\/et_pb_text][et_pb_text _builder_version=&#8221;3.27.4&#8243; text_font=&#8221;Lato||||||||&#8221; text_font_size=&#8221;15px&#8221;]<\/p>\n<p><span style=\"font-size: 10.5pt; line-height: 115%;\">Rezerwacja kort\u00f3w pod numerem: <b>880-984-886<\/b> oraz <a href=\"http:\/\/www.latwa-rezerwacja.pl\/rezonpoznan\" target=\"_blank\" rel=\"noopener noreferrer\">on-line<\/a><\/span><\/p>\n<p>[\/et_pb_text][\/et_pb_column][et_pb_column type=&#8221;1_4&#8243; _builder_version=&#8221;3.25&#8243; custom_padding=&#8221;|||&#8221; custom_padding__hover=&#8221;|||&#8221;][et_pb_text _builder_version=&#8221;3.27.4&#8243; text_font=&#8221;Paytone One||||||||&#8221; text_font_size=&#8221;15px&#8221; background_layout=&#8221;dark&#8221; text_text_shadow_style=&#8221;preset3&#8243;]<\/p>\n<p>WYDARZENIA<\/p>\n<p>[\/et_pb_text][et_pb_sidebar area=&#8221;sidebar-1&#8243; show_border=&#8221;off&#8221; _builder_version=&#8221;3.0.86&#8243; header_font=&#8221;Lato||||||||&#8221; text_orientation=&#8221;center&#8221;][\/et_pb_sidebar][\/et_pb_column][\/et_pb_row][\/et_pb_section]<\/p>\n","protected":false},"excerpt":{"rendered":"<p>Rezon Squash Camp&nbsp; Squash CampZapraszamy wszystkich \u015brednio zaawansowanych graczy na SQUASH CAMP. Dwugodzinny trening pod czujnym okiem do\u015bwiadczonego trenera pozwoli Wam podnie\u015b\u0107 swoje umiej\u0119tno\u015bci. Jest to tak\u017ce doskona\u0142a okazja na poznanie nowych os\u00f3b i sparingpartner\u00f3w. Podczas treningu b\u0119dziecie mieli okazj\u0119: poprawi\u0107 swoj\u0105 sprawno\u015b\u0107 i wytrzyma\u0142o\u015b\u0107 wykonywa\u0107 \u0107wiczenia, kt\u00f3re pomog\u0105 Wam poprawi\u0107 poruszanie si\u0119 po korcie [&hellip;]<\/p>\n","protected":false},"author":3,"featured_media":0,"parent":0,"menu_order":0,"comment_status":"closed","ping_status":"closed","template":"","meta":{"_et_pb_use_builder":"on","_et_pb_old_content":"","_et_gb_content_width":"","footnotes":""},"class_list":["post-7694","page","type-page","status-publish","hentry"],"_links":{"self":[{"href":"https:\/\/rezon-poznan.pl\/squash\/wp-json\/wp\/v2\/pages\/7694","targetHints":{"allow":["GET"]}}],"collection":[{"href":"https:\/\/rezon-poznan.pl\/squash\/wp-json\/wp\/v2\/pages"}],"about":[{"href":"https:\/\/rezon-poznan.pl\/squash\/wp-json\/wp\/v2\/types\/page"}],"author":[{"embeddable":true,"href":"https:\/\/rezon-poznan.pl\/squash\/wp-json\/wp\/v2\/users\/3"}],"replies":[{"embeddable":true,"href":"https:\/\/rezon-poznan.pl\/squash\/wp-json\/wp\/v2\/comments?post=7694"}],"version-history":[{"count":20,"href":"https:\/\/rezon-poznan.pl\/squash\/wp-json\/wp\/v2\/pages\/7694\/revisions"}],"predecessor-version":[{"id":8099,"href":"https:\/\/rezon-poznan.pl\/squash\/wp-json\/wp\/v2\/pages\/7694\/revisions\/8099"}],"wp:attachment":[{"href":"https:\/\/rezon-poznan.pl\/squash\/wp-json\/wp\/v2\/media?parent=7694"}],"curies":[{"name":"wp","href":"https:\/\/api.w.org\/{rel}","templated":true}]}}