{"id":7262,"date":"2018-09-06T14:45:41","date_gmt":"2018-09-06T12:45:41","guid":{"rendered":"http:\/\/rezon-poznan.pl\/squash\/?page_id=7262"},"modified":"2018-09-07T11:45:03","modified_gmt":"2018-09-07T09:45:03","slug":"bilard-centrum-rezon-poznan","status":"publish","type":"page","link":"https:\/\/rezon-poznan.pl\/squash\/bilard-centrum-rezon-poznan\/","title":{"rendered":"Bilard &#8211; Centrum Rezon Pozna\u0144"},"content":{"rendered":"<p>[et_pb_section bb_built=&#8221;1&#8243; _builder_version=&#8221;3.9&#8243; background_image=&#8221;https:\/\/rezon-poznan.pl\/squash\/wp-content\/uploads\/2018\/09\/bilard-rezon-poznan.jpg&#8221; custom_margin=&#8221;0px||0px|&#8221; custom_padding=&#8221;5px||5px|&#8221; next_background_color=&#8221;#ffffff&#8221;][et_pb_row _builder_version=&#8221;3.9&#8243;][et_pb_column type=&#8221;4_4&#8243;][et_pb_text _builder_version=&#8221;3.9&#8243; text_font=&#8221;Paytone One||||||||&#8221; text_font_size=&#8221;55px&#8221; text_orientation=&#8221;center&#8221; background_layout=&#8221;dark&#8221; module_alignment=&#8221;center&#8221;]<\/p>\n<p>Bilard\u00a0 \u00a0 \u00a0 \u00a0 \u00a0 \u00a0Centrum Rezon<\/p>\n<p>[\/et_pb_text][\/et_pb_column][\/et_pb_row][\/et_pb_section][et_pb_section bb_built=&#8221;1&#8243; _builder_version=&#8221;3.0.89&#8243; background_image=&#8221;https:\/\/rezon-poznan.pl\/squash\/wp-content\/uploads\/2017\/11\/background.png&#8221; parallax=&#8221;on&#8221; parallax_method=&#8221;off&#8221; prev_background_color=&#8221;#ffffff&#8221; next_background_color=&#8221;#ffffff&#8221;][et_pb_row _builder_version=&#8221;3.0.47&#8243; background_size=&#8221;initial&#8221; background_position=&#8221;top_left&#8221; background_repeat=&#8221;repeat&#8221;][et_pb_column type=&#8221;1_2&#8243;][et_pb_image src=&#8221;https:\/\/rezon-poznan.pl\/squash\/wp-content\/uploads\/2018\/09\/brunswick-rezon-poznan.jpg&#8221; _builder_version=&#8221;3.9&#8243; animation_style=&#8221;flip&#8221;]<\/p>\n<p>&nbsp;<\/p>\n<p>[\/et_pb_image][\/et_pb_column][et_pb_column type=&#8221;1_2&#8243;][et_pb_text _builder_version=&#8221;3.9&#8243; text_font=&#8221;Paytone One|700|||||||&#8221; text_text_color=&#8221;#353535&#8243; text_font_size=&#8221;30px&#8221; text_letter_spacing=&#8221;2px&#8221; background_layout=&#8221;dark&#8221;]<\/p>\n<p>Bilard<\/p>\n<p>[\/et_pb_text][et_pb_text _builder_version=&#8221;3.9&#8243;]<\/p>\n<p>Dwa profesjonalne 9-cio stopowe sto\u0142y bilardowe <strong>Brunswick z p\u0142yt\u0105 kamienn\u0105<\/strong>.<\/p>\n<p>Rezerwacja sto\u0142\u00f3w pod numerem <strong>880-984-886<\/strong><\/p>\n<p>[\/et_pb_text][\/et_pb_column][\/et_pb_row][\/et_pb_section][et_pb_section bb_built=&#8221;1&#8243; fullwidth=&#8221;off&#8221; specialty=&#8221;on&#8221; prev_background_color=&#8221;#000000&#8243; next_background_color=&#8221;#a8a8a8&#8243;][et_pb_column type=&#8221;1_4&#8243;][et_pb_image _builder_version=&#8221;3.9&#8243; src=&#8221;https:\/\/rezon-poznan.pl\/squash\/wp-content\/uploads\/2018\/09\/brunswick-italy-rezon-poznan-3.jpg&#8221; border_radii=&#8221;on|10px|10px|10px|10px&#8221; align=&#8221;center&#8221; \/][\/et_pb_column][et_pb_column type=&#8221;1_2&#8243; specialty_columns=&#8221;2&#8243;][et_pb_row_inner admin_label=&#8221;Wiersz&#8221; _builder_version=&#8221;3.9&#8243; background_image=&#8221;https:\/\/rezon-poznan.pl\/squash\/wp-content\/uploads\/2018\/09\/bila-bilard-rezon-poznan.jpg&#8221; background_blend=&#8221;soft-light&#8221; border_radii=&#8221;on|10px|10px|10px|10px&#8221;][et_pb_column_inner type=&#8221;4_4&#8243; saved_specialty_column_type=&#8221;1_2&#8243;][et_pb_text _builder_version=&#8221;3.9&#8243; header_text_color=&#8221;#2b2b2b&#8221; text_font=&#8221;Paytone One|700|||||||&#8221; text_font_size=&#8221;30px&#8221; text_letter_spacing=&#8221;2px&#8221;]<\/p>\n<h1 style=\"text-align: center;\">Cennik<\/h1>\n<p>[\/et_pb_text][et_pb_text _builder_version=&#8221;3.9&#8243; text_text_color=&#8221;#2d2d2d&#8221; text_font=&#8221;|700|||||||&#8221;]<\/p>\n<div class=\"supsystic-table-loader spinner\"style=\"background-color:#000000\"><\/div><div id=\"supsystic-table-1_93424\" class=\"supsystic-tables-wrap \" style=\" width:100%; visibility: hidden; \" data-table-width-fixed=\"100%\" data-table-width-mobile=\"100%\" ><table id=\"supsystic-table-1\" class=\"supsystic-table border lightboxImg cell-border\" data-id=\"1\" data-view-id=\"1_93424\" data-title=\"Cennik Bilard Centrum Rezon Pozna\u0144\" data-currency-format=\"$1,000.00\" data-percent-format=\"10.00%\" data-date-format=\"DD.MM.YYYY\" data-time-format=\"HH:mm\" data-features=\"[&quot;after_table_loaded_script&quot;]\" data-search-value=\"\" data-lightbox-img=\"\" data-head-rows-count=\"1\" data-pagination-length=\"50,100,All\" data-auto-index=\"off\" data-searching-settings=\"{&quot;columnSearchPosition&quot;:&quot;bottom&quot;,&quot;minChars&quot;:&quot;0&quot;}\" data-lang=\"default\" data-override=\"{&quot;emptyTable&quot;:&quot;&quot;,&quot;info&quot;:&quot;&quot;,&quot;infoEmpty&quot;:&quot;&quot;,&quot;infoFiltered&quot;:&quot;&quot;,&quot;lengthMenu&quot;:&quot;&quot;,&quot;search&quot;:&quot;&quot;,&quot;previous&quot;:&quot;&quot;,&quot;next&quot;:&quot;&quot;,&quot;zeroRecords&quot;:&quot;&quot;,&quot;exportLabel&quot;:&quot;&quot;,&quot;file&quot;:&quot;default&quot;}\" data-merged=\"[]\" data-responsive-mode=\"2\" data-from-history=\"0\" ><thead><tr><th class=\"\" style=\"width:; padding: 0 !important;\"><\/th><th class=\"\" style=\"width:; padding: 0 !important;\"><\/th><th class=\"\" style=\"width:; padding: 0 !important;\"><\/th><\/tr><\/thead><tbody><tr style=\"height:px\" ><td data-cell-id=\"A1\" data-x=\"0\" data-y=\"1\" data-db-index=\"1\" class=\"htMiddle bg-b7ba8b\" data-cell-type=\"text\" data-original-value=\"\" data-order=\"\" style=\"min-width:33.3333%; width:33.3333%;\" ><\/td><td data-cell-id=\"B1\" data-x=\"1\" data-y=\"1\" data-db-index=\"1\" class=\"htMiddle bg-b7ba8b htCenter\" data-cell-type=\"text\" data-original-value=\"Poniedzia\u0142ek - Czwartek\" data-order=\"Poniedzia\u0142ek - Czwartek\" style=\"min-width:33.3333%; width:33.3333%;\" >Poniedzia\u0142ek - Czwartek <\/td><td data-cell-id=\"C1\" data-x=\"2\" data-y=\"1\" data-db-index=\"1\" class=\"htMiddle bg-b7ba8b htCenter\" data-cell-type=\"text\" data-original-value=\"Pi\u0105tek - Niedziela\" data-order=\"Pi\u0105tek - Niedziela\" style=\"min-width:33.3333%; width:33.3333%;\" >Pi\u0105tek - Niedziela <\/td><\/tr><tr style=\"height:px\" ><td data-cell-id=\"A2\" data-x=\"0\" data-y=\"2\" data-db-index=\"2\" class=\"htMiddle htCenter\" data-cell-type=\"text\" data-original-value=\"do 16:00\" data-order=\"do 16:00\" >do 16:00 <\/td><td data-cell-id=\"B2\" data-x=\"1\" data-y=\"2\" data-db-index=\"2\" class=\"htMiddle htCenter\" data-cell-type=\"text\" data-original-value=\"32 z\u0142\" data-order=\"32 z\u0142\" >32 z\u0142 <\/td><td data-cell-id=\"C2\" data-x=\"2\" data-y=\"2\" data-db-index=\"2\" class=\"htMiddle htCenter\" data-cell-type=\"text\" data-original-value=\"35 z\u0142\" data-order=\"35 z\u0142\" >35 z\u0142 <\/td><\/tr><tr style=\"height:px\" ><td data-cell-id=\"A3\" data-x=\"0\" data-y=\"3\" data-db-index=\"3\" class=\"htMiddle htCenter\" data-cell-type=\"text\" data-original-value=\"po 16:00\" data-order=\"po 16:00\" >po 16:00 <\/td><td data-cell-id=\"B3\" data-x=\"1\" data-y=\"3\" data-db-index=\"3\" class=\"htMiddle htCenter\" data-cell-type=\"text\" data-original-value=\"35 z\u0142\" data-order=\"35 z\u0142\" >35 z\u0142 <\/td><td data-cell-id=\"C3\" data-x=\"2\" data-y=\"3\" data-db-index=\"3\" class=\"htMiddle htCenter\" data-cell-type=\"text\" data-original-value=\"40 z\u0142\" data-order=\"40 z\u0142\" >40 z\u0142 <\/td><\/tr><\/tbody><\/table><!-- \/#supsystic-table-1.supsystic-table --><\/div><!-- \/.supsystic-tables-wrap --><!-- Tables Generator by Supsystic --><!-- Version:1.11.0 --><!-- http:\/\/supsystic.com\/ --><a title=\"WP Table Builder\" style=\"display:none;\" href=\"https:\/\/supsystic.com\/plugins\/wordpress-data-table-plugin\/?utm_medium=love_link\" target=\"_blank\">WP Table Builder<\/a>\n<p>[\/et_pb_text][\/et_pb_column_inner][\/et_pb_row_inner][\/et_pb_column][et_pb_column type=&#8221;1_4&#8243;][et_pb_image _builder_version=&#8221;3.9&#8243; src=&#8221;https:\/\/rezon-poznan.pl\/squash\/wp-content\/uploads\/2018\/09\/brunswick-italy-rezon-poznan-2.jpg&#8221; border_radii=&#8221;on|10px|10px|10px|10px&#8221; \/][\/et_pb_column][\/et_pb_section][et_pb_section bb_built=&#8221;1&#8243; _builder_version=&#8221;3.9&#8243; background_color=&#8221;#a8a8a8&#8243; use_background_color_gradient=&#8221;on&#8221; background_color_gradient_start=&#8221;#7c7c7c&#8221; background_color_gradient_end=&#8221;#606060&#8243; background_image=&#8221;https:\/\/rezon-poznan.pl\/squash\/wp-content\/uploads\/2017\/11\/background.png&#8221; parallax=&#8221;on&#8221; parallax_method=&#8221;off&#8221; custom_padding=&#8221;0px|0px|25px|0px&#8221; prev_background_color=&#8221;#ffffff&#8221; next_background_color=&#8221;#ffffff&#8221;][et_pb_row use_custom_width=&#8221;on&#8221; width_unit=&#8221;off&#8221; custom_width_percent=&#8221;50%&#8221; use_custom_gutter=&#8221;on&#8221; gutter_width=&#8221;1&#8243; custom_padding=&#8221;8px|0px|0px|0px&#8221; _builder_version=&#8221;3.9&#8243; background_size=&#8221;initial&#8221; background_position=&#8221;top_left&#8221; background_repeat=&#8221;repeat&#8221; module_alignment=&#8221;center&#8221;][et_pb_column type=&#8221;4_4&#8243;][et_pb_text _builder_version=&#8221;3.9&#8243; text_font=&#8221;Paytone One||||||||&#8221; header_text_align=&#8221;center&#8221; text_orientation=&#8221;center&#8221; module_alignment=&#8221;center&#8221;]<\/p>\n<p><span style=\"color: #ffffff;\">Foto BILARD Rezon<\/span><\/p>\n<p>[\/et_pb_text][et_pb_gallery gallery_ids=&#8221;7290,7291,7292,7293,7306,7307&#8243; gallery_captions=&#8221;,,,,,,,,,,,,,,,,&#8221; show_title_and_caption=&#8221;off&#8221; show_pagination=&#8221;off&#8221; zoom_icon_color=&#8221;#ffffff&#8221; hover_overlay_color=&#8221;rgba(228,190,5,0.53)&#8221; hover_icon=&#8221;%%277%%&#8221; _builder_version=&#8221;3.9&#8243; pagination_font_size_tablet=&#8221;51&#8243; pagination_line_height_tablet=&#8221;2&#8243; border_width_all=&#8221;8px&#8221; border_color_all=&#8221;#7a7a7a&#8221; animation_style=&#8221;zoom&#8221; animation_duration=&#8221;1400ms&#8221; animation_intensity_zoom=&#8221;16%&#8221; use_border_color=&#8221;on&#8221; border_color=&#8221;#7a7a7a&#8221; border_width=&#8221;8px&#8221;]<\/p>\n<p>&nbsp;<\/p>\n<p>[\/et_pb_gallery][\/et_pb_column][\/et_pb_row][\/et_pb_section][et_pb_section bb_built=&#8221;1&#8243; fullwidth=&#8221;on&#8221; _builder_version=&#8221;3.0.47&#8243; custom_padding=&#8221;0px|0px|0px|0px&#8221; prev_background_color=&#8221;#a8a8a8&#8243; next_background_color=&#8221;#a8a8a8&#8243;][et_pb_fullwidth_map address=&#8221;Kolejowa 32, 62-064 Plewiska, Polska&#8221; zoom_level=&#8221;16&#8243; address_lat=&#8221;52.367764706967094&#8243; address_lng=&#8221;16.80854477252613&#8243; mouse_wheel=&#8221;off&#8221; use_grayscale_filter=&#8221;on&#8221; grayscale_filter_amount=&#8221;71&#8243; _builder_version=&#8221;3.0.91&#8243; background_color=&#8221;#8300e9&#8243; use_background_color_gradient=&#8221;on&#8221; custom_margin=&#8221;|||&#8221; custom_padding=&#8221;|||&#8221; child_filter_saturate=&#8221;29%&#8221; animation_style=&#8221;fade&#8221; animation_speed_curve=&#8221;linear&#8221;][et_pb_map_pin pin_address=&#8221;Kolejowa 32, 62-064 Plewiska, Polska&#8221; pin_address_lat=&#8221;52.36751169999999&#8243; pin_address_lng=&#8221;16.80719069999998&#8243; _builder_version=&#8221;3.0.86&#8243;][\/et_pb_map_pin][\/et_pb_fullwidth_map][\/et_pb_section][et_pb_section bb_built=&#8221;1&#8243; _builder_version=&#8221;3.0.86&#8243; background_color=&#8221;#a8a8a8&#8243; background_image=&#8221;https:\/\/rezon-poznan.pl\/squash\/wp-content\/uploads\/2017\/11\/background.png&#8221; parallax=&#8221;on&#8221; parallax_method=&#8221;off&#8221; custom_padding=&#8221;17px|0px|0px|0px&#8221; prev_background_color=&#8221;#ffffff&#8221;][et_pb_row custom_padding=&#8221;6px|0px|36px|0px&#8221; _builder_version=&#8221;3.0.47&#8243; background_size=&#8221;initial&#8221; background_position=&#8221;top_left&#8221; background_repeat=&#8221;repeat&#8221;][et_pb_column type=&#8221;1_4&#8243;][et_pb_image src=&#8221;https:\/\/rezon-poznan.pl\/squash\/wp-content\/uploads\/2018\/09\/bila-bilard-rezon-poznan.jpg&#8221; _builder_version=&#8221;3.9&#8243; max_width=&#8221;80%&#8221; module_alignment=&#8221;left&#8221; custom_margin=&#8221;0px|||&#8221; animation_style=&#8221;fold&#8221;]<\/p>\n<p>&nbsp;<\/p>\n<p>[\/et_pb_image][\/et_pb_column][et_pb_column type=&#8221;1_4&#8243;][et_pb_text _builder_version=&#8221;3.9&#8243; text_font=&#8221;Paytone One||||||||&#8221; text_text_color=&#8221;#ffffff&#8221; text_font_size=&#8221;15px&#8221; text_text_shadow_style=&#8221;preset3&#8243;]<\/p>\n<p>CENTRUM REZON<\/p>\n<p>[\/et_pb_text][et_pb_text _builder_version=&#8221;3.9&#8243; text_font=&#8221;Lato||||||||&#8221; text_font_size=&#8221;15px&#8221;]<\/p>\n<p>ul. Kolejowa 32\u200e<br \/>\n62-064\u00a0Plewiska (Pozna\u0144)<\/p>\n<p>[\/et_pb_text][\/et_pb_column][et_pb_column type=&#8221;1_4&#8243;][et_pb_text _builder_version=&#8221;3.9&#8243; text_font=&#8221;Paytone One||||||||&#8221; text_font_size=&#8221;15px&#8221; text_text_shadow_style=&#8221;preset3&#8243; background_layout=&#8221;dark&#8221;]<\/p>\n<p>REZERWACJA STO\u0141U<\/p>\n<p>[\/et_pb_text][et_pb_text _builder_version=&#8221;3.9&#8243; text_font=&#8221;Lato||||||||&#8221; text_font_size=&#8221;15px&#8221;]<\/p>\n<p><span style=\"font-size: 15px;\">Telefon:<\/span><br \/>\n<span style=\"font-size: 15px;\"><strong> 880-984-886<\/strong><\/span><\/p>\n<p>[\/et_pb_text][\/et_pb_column][et_pb_column type=&#8221;1_4&#8243;][et_pb_text _builder_version=&#8221;3.9&#8243; text_font=&#8221;Paytone One||||||||&#8221; text_font_size=&#8221;15px&#8221; text_text_shadow_style=&#8221;preset3&#8243; background_layout=&#8221;dark&#8221;]<\/p>\n<p>WYDARZENIA<\/p>\n<p>[\/et_pb_text][et_pb_sidebar area=&#8221;sidebar-1&#8243; show_border=&#8221;off&#8221; _builder_version=&#8221;3.9&#8243; header_font=&#8221;Lato||||||||&#8221; text_orientation=&#8221;center&#8221;]<\/p>\n<p>&nbsp;<\/p>\n<p>[\/et_pb_sidebar][\/et_pb_column][\/et_pb_row][\/et_pb_section]<\/p>\n","protected":false},"excerpt":{"rendered":"<p>Bilard\u00a0 \u00a0 \u00a0 \u00a0 \u00a0 \u00a0Centrum Rezon &nbsp; Bilard Dwa profesjonalne 9-cio stopowe sto\u0142y bilardowe Brunswick z p\u0142yt\u0105 kamienn\u0105. Rezerwacja sto\u0142\u00f3w pod numerem 880-984-886 Cennik <div class=\"supsystic-table-loader spinner\"style=\"background-color:#000000\"><\/div><div id=\"supsystic-table-1_93424\" class=\"supsystic-tables-wrap \" style=\" width:100%; visibility: hidden; \" data-table-width-fixed=\"100%\" data-table-width-mobile=\"100%\" ><table id=\"supsystic-table-1\" class=\"supsystic-table border lightboxImg cell-border\" data-id=\"1\" data-view-id=\"1_93424\" data-title=\"Cennik Bilard Centrum Rezon Pozna\u0144\" data-currency-format=\"$1,000.00\" data-percent-format=\"10.00%\" data-date-format=\"DD.MM.YYYY\" data-time-format=\"HH:mm\" data-features=\"[&quot;after_table_loaded_script&quot;]\" data-search-value=\"\" data-lightbox-img=\"\" data-head-rows-count=\"1\" data-pagination-length=\"50,100,All\" data-auto-index=\"off\" data-searching-settings=\"{&quot;columnSearchPosition&quot;:&quot;bottom&quot;,&quot;minChars&quot;:&quot;0&quot;}\" data-lang=\"default\" data-override=\"{&quot;emptyTable&quot;:&quot;&quot;,&quot;info&quot;:&quot;&quot;,&quot;infoEmpty&quot;:&quot;&quot;,&quot;infoFiltered&quot;:&quot;&quot;,&quot;lengthMenu&quot;:&quot;&quot;,&quot;search&quot;:&quot;&quot;,&quot;previous&quot;:&quot;&quot;,&quot;next&quot;:&quot;&quot;,&quot;zeroRecords&quot;:&quot;&quot;,&quot;exportLabel&quot;:&quot;&quot;,&quot;file&quot;:&quot;default&quot;}\" data-merged=\"[]\" data-responsive-mode=\"2\" data-from-history=\"0\" ><thead><tr><th class=\"\" style=\"width:; padding: 0 !important;\"><\/th><th class=\"\" style=\"width:; padding: 0 !important;\"><\/th><th class=\"\" style=\"width:; padding: 0 !important;\"><\/th><\/tr><\/thead><tbody><tr style=\"height:px\" ><td data-cell-id=\"A1\" data-x=\"0\" data-y=\"1\" data-db-index=\"1\" class=\"htMiddle bg-b7ba8b\" data-cell-type=\"text\" data-original-value=\"\" data-order=\"\" style=\"min-width:33.3333%; width:33.3333%;\" ><\/td><td data-cell-id=\"B1\" data-x=\"1\" data-y=\"1\" data-db-index=\"1\" class=\"htMiddle bg-b7ba8b htCenter\" data-cell-type=\"text\" data-original-value=\"Poniedzia\u0142ek - Czwartek\" data-order=\"Poniedzia\u0142ek - Czwartek\" style=\"min-width:33.3333%; width:33.3333%;\" >Poniedzia\u0142ek - Czwartek <\/td><td data-cell-id=\"C1\" data-x=\"2\" data-y=\"1\" data-db-index=\"1\" class=\"htMiddle bg-b7ba8b htCenter\" data-cell-type=\"text\" data-original-value=\"Pi\u0105tek - Niedziela\" data-order=\"Pi\u0105tek - Niedziela\" style=\"min-width:33.3333%; width:33.3333%;\" >Pi\u0105tek - Niedziela <\/td><\/tr><tr style=\"height:px\" ><td data-cell-id=\"A2\" data-x=\"0\" data-y=\"2\" data-db-index=\"2\" class=\"htMiddle htCenter\" data-cell-type=\"text\" data-original-value=\"do 16:00\" data-order=\"do 16:00\" >do 16:00 <\/td><td data-cell-id=\"B2\" data-x=\"1\" data-y=\"2\" data-db-index=\"2\" class=\"htMiddle htCenter\" data-cell-type=\"text\" data-original-value=\"32 z\u0142\" data-order=\"32 z\u0142\" >32 z\u0142 <\/td><td data-cell-id=\"C2\" data-x=\"2\" data-y=\"2\" data-db-index=\"2\" class=\"htMiddle htCenter\" data-cell-type=\"text\" data-original-value=\"35 z\u0142\" data-order=\"35 z\u0142\" >35 z\u0142 <\/td><\/tr><tr style=\"height:px\" ><td data-cell-id=\"A3\" data-x=\"0\" data-y=\"3\" data-db-index=\"3\" class=\"htMiddle htCenter\" data-cell-type=\"text\" data-original-value=\"po 16:00\" data-order=\"po 16:00\" >po 16:00 <\/td><td data-cell-id=\"B3\" data-x=\"1\" data-y=\"3\" data-db-index=\"3\" class=\"htMiddle htCenter\" data-cell-type=\"text\" data-original-value=\"35 z\u0142\" data-order=\"35 z\u0142\" >35 z\u0142 <\/td><td data-cell-id=\"C3\" data-x=\"2\" data-y=\"3\" data-db-index=\"3\" class=\"htMiddle htCenter\" data-cell-type=\"text\" data-original-value=\"40 z\u0142\" data-order=\"40 z\u0142\" >40 z\u0142 <\/td><\/tr><\/tbody><\/table><!-- \/#supsystic-table-1.supsystic-table --><\/div><!-- \/.supsystic-tables-wrap --><!-- Tables Generator by Supsystic --><!-- Version:1.11.0 --><!-- http:\/\/supsystic.com\/ --><a title=\"WP Table Builder\" style=\"display:none;\" href=\"https:\/\/supsystic.com\/plugins\/wordpress-data-table-plugin\/?utm_medium=love_link\" target=\"_blank\">WP Table Builder<\/a> Foto BILARD Rezon &nbsp; &nbsp; CENTRUM REZON ul. Kolejowa 32\u200e 62-064\u00a0Plewiska (Pozna\u0144) REZERWACJA STO\u0141U Telefon: 880-984-886 WYDARZENIA &nbsp;<\/p>\n","protected":false},"author":3,"featured_media":0,"parent":0,"menu_order":0,"comment_status":"closed","ping_status":"closed","template":"","meta":{"_et_pb_use_builder":"on","_et_pb_old_content":"","_et_gb_content_width":"","footnotes":""},"class_list":["post-7262","page","type-page","status-publish","hentry"],"_links":{"self":[{"href":"https:\/\/rezon-poznan.pl\/squash\/wp-json\/wp\/v2\/pages\/7262","targetHints":{"allow":["GET"]}}],"collection":[{"href":"https:\/\/rezon-poznan.pl\/squash\/wp-json\/wp\/v2\/pages"}],"about":[{"href":"https:\/\/rezon-poznan.pl\/squash\/wp-json\/wp\/v2\/types\/page"}],"author":[{"embeddable":true,"href":"https:\/\/rezon-poznan.pl\/squash\/wp-json\/wp\/v2\/users\/3"}],"replies":[{"embeddable":true,"href":"https:\/\/rezon-poznan.pl\/squash\/wp-json\/wp\/v2\/comments?post=7262"}],"version-history":[{"count":33,"href":"https:\/\/rezon-poznan.pl\/squash\/wp-json\/wp\/v2\/pages\/7262\/revisions"}],"predecessor-version":[{"id":8012,"href":"https:\/\/rezon-poznan.pl\/squash\/wp-json\/wp\/v2\/pages\/7262\/revisions\/8012"}],"wp:attachment":[{"href":"https:\/\/rezon-poznan.pl\/squash\/wp-json\/wp\/v2\/media?parent=7262"}],"curies":[{"name":"wp","href":"https:\/\/api.w.org\/{rel}","templated":true}]}}