{"id":6141,"date":"2013-08-23T12:15:34","date_gmt":"2013-08-23T10:15:34","guid":{"rendered":"http:\/\/www.rezon-poznan.pl\/?page_id=11"},"modified":"2022-01-15T19:17:59","modified_gmt":"2022-01-15T18:17:59","slug":"squash","status":"publish","type":"page","link":"https:\/\/rezon-poznan.pl\/squash\/squash\/","title":{"rendered":"SQUASH"},"content":{"rendered":"<p>[et_pb_section fb_built=&#8221;1&#8243; _builder_version=&#8221;3.22&#8243; background_image=&#8221;https:\/\/rezon-poznan.pl\/squash\/wp-content\/uploads\/2017\/11\/slider-squash-rezon.jpg&#8221; custom_margin=&#8221;0px||0px|&#8221; custom_padding=&#8221;5px||5px|&#8221; global_colors_info=&#8221;{}&#8221;][et_pb_row _builder_version=&#8221;3.25&#8243; global_colors_info=&#8221;{}&#8221;][et_pb_column type=&#8221;4_4&#8243; _builder_version=&#8221;3.25&#8243; custom_padding=&#8221;|||&#8221; global_colors_info=&#8221;{}&#8221; custom_padding__hover=&#8221;|||&#8221;][et_pb_text _builder_version=&#8221;3.27.4&#8243; text_font=&#8221;Paytone One||||||||&#8221; text_font_size=&#8221;55px&#8221; text_orientation=&#8221;center&#8221; background_layout=&#8221;dark&#8221; module_alignment=&#8221;center&#8221; global_colors_info=&#8221;{}&#8221;]SQUASH<br \/>\n[\/et_pb_text][\/et_pb_column][\/et_pb_row][\/et_pb_section][et_pb_section fb_built=&#8221;1&#8243; _builder_version=&#8221;3.22&#8243; background_image=&#8221;https:\/\/rezon-poznan.pl\/squash\/wp-content\/uploads\/2017\/11\/background.png&#8221; global_colors_info=&#8221;{}&#8221;][et_pb_row _builder_version=&#8221;3.25&#8243; background_size=&#8221;initial&#8221; background_position=&#8221;top_left&#8221; background_repeat=&#8221;repeat&#8221; global_colors_info=&#8221;{}&#8221; column_structure=&#8221;1_2,1_2&#8243;][et_pb_column type=&#8221;1_2&#8243; _builder_version=&#8221;3.25&#8243; custom_padding=&#8221;|||&#8221; global_colors_info=&#8221;{}&#8221; custom_padding__hover=&#8221;|||&#8221;][et_pb_image src=&#8221;https:\/\/rezon-poznan.pl\/squash\/wp-content\/uploads\/2015\/01\/Rezon-Squash-Pozna\u0144.jpg&#8221; align_tablet=&#8221;center&#8221; align_last_edited=&#8221;on|desktop&#8221; _builder_version=&#8221;3.23&#8243; animation_style=&#8221;flip&#8221; global_colors_info=&#8221;{}&#8221; align_phone=&#8221;center&#8221;][\/et_pb_image][\/et_pb_column][et_pb_column type=&#8221;1_2&#8243; _builder_version=&#8221;3.25&#8243; custom_padding=&#8221;|||&#8221; global_colors_info=&#8221;{}&#8221; custom_padding__hover=&#8221;|||&#8221;][et_pb_text _builder_version=&#8221;3.27.4&#8243; text_font=&#8221;Paytone One|700|||||||&#8221; text_text_color=&#8221;#353535&#8243; text_font_size=&#8221;30px&#8221; text_letter_spacing=&#8221;2px&#8221; background_layout=&#8221;dark&#8221; global_colors_info=&#8221;{}&#8221;]SQUASH<br \/>\n[\/et_pb_text][et_pb_text _builder_version=&#8221;3.27.4&#8243; global_colors_info=&#8221;{}&#8221;]<\/p>\n<p>Posiadamy najlepsze\u00a0korty\u00a0ASB Squash Court\u00a0i zdrowe pod\u0142ogi\u00a0ASB SportsFloor.<br \/>Zdrowe\u00a0pod\u0142ogi\u00a0ASB SportsFloor\u00a0spe\u0142niaj\u0105 wszelkie wymogi pod\u0142\u00f3g sportowych. Zabezpieczaj\u0105 przed kontuzjami (70 mm drewniana pod\u0142oga oparta na amortyzatorach) i dzi\u0119ki szorstkiemu szlifowaniu i procesowi g\u0142\u0119bokiej impregnacji zapewniaj\u0105 odpowiednie tarcie.<br \/>Je\u015bli gra\u0142e\u015b do tej pory w tenisa czy badmintona, to ta dyscyplina jest r\u00f3wnie\u017c dla Ciebie, zapraszamy!! Squash jest niezwykle dynamiczn\u0105 gr\u0105, kt\u00f3ra pozwala wydoby\u0107 z gracza takie cechy charakteru jak determinacja, bojowo\u015b\u0107 czy fantazja. Squash wp\u0142ywa r\u00f3wnie\u017c pozytywnie na wiele funkcji motorycznych naszego organizmu.<br \/>Mo\u017cecie po prostu gra\u0107, ale proponujemy Wam wi\u0119cej: Lig\u0119 Rezon Monday Tour, turnieje PFS, Ladies&#8217; Squash Nights, szk\u00f3\u0142k\u0119 squasha dla dzieci i m\u0142odzie\u017cy.<\/p>\n<p>Zapraszamy do Centrum Rezon Squash Pozna\u0144!<\/p>\n<p>[\/et_pb_text][\/et_pb_column][\/et_pb_row][\/et_pb_section][et_pb_section fb_built=&#8221;1&#8243; _builder_version=&#8221;3.0.86&#8243; background_color=&#8221;#a8a8a8&#8243; background_image=&#8221;https:\/\/rezon-poznan.pl\/squash\/wp-content\/uploads\/2017\/11\/background.png&#8221; parallax=&#8221;on&#8221; parallax_method=&#8221;off&#8221; custom_padding=&#8221;17px|0px|0px|0px&#8221; global_module=&#8221;6683&#8243; global_colors_info=&#8221;{}&#8221;][et_pb_row column_structure=&#8221;1_4,1_4,1_4,1_4&#8243; _builder_version=&#8221;3.25&#8243; background_size=&#8221;initial&#8221; background_position=&#8221;top_left&#8221; background_repeat=&#8221;repeat&#8221; custom_padding=&#8221;6px|0px|36px|0px&#8221; global_colors_info=&#8221;{}&#8221;][et_pb_column type=&#8221;1_4&#8243; _builder_version=&#8221;3.25&#8243; custom_padding=&#8221;|||&#8221; global_colors_info=&#8221;{}&#8221; custom_padding__hover=&#8221;|||&#8221;][et_pb_image src=&#8221;https:\/\/rezon-poznan.pl\/squash\/wp-content\/uploads\/2017\/11\/logo-squash.png&#8221; align_tablet=&#8221;center&#8221; align_phone=&#8221;&#8221; align_last_edited=&#8221;on|desktop&#8221; _builder_version=&#8221;3.23&#8243; max_width=&#8221;80%&#8221; module_alignment=&#8221;left&#8221; custom_margin=&#8221;0px|||&#8221; animation_style=&#8221;fold&#8221; always_center_on_mobile=&#8221;on&#8221; global_colors_info=&#8221;{}&#8221;][\/et_pb_image][\/et_pb_column][et_pb_column type=&#8221;1_4&#8243; _builder_version=&#8221;3.25&#8243; custom_padding=&#8221;|||&#8221; global_colors_info=&#8221;{}&#8221; custom_padding__hover=&#8221;|||&#8221;][et_pb_text _builder_version=&#8221;3.27.4&#8243; text_font=&#8221;Paytone One||||||||&#8221; text_text_color=&#8221;#ffffff&#8221; text_font_size=&#8221;15px&#8221; text_text_shadow_style=&#8221;preset3&#8243; global_colors_info=&#8221;{}&#8221;]<\/p>\n<p>CENTRUM REZON<\/p>\n<p>[\/et_pb_text][et_pb_text _builder_version=&#8221;3.27.4&#8243; text_font=&#8221;Lato||||||||&#8221; text_font_size=&#8221;15px&#8221; global_colors_info=&#8221;{}&#8221;]<\/p>\n<p>ul. Kolejowa 32\u200e<br \/>62-064\u00a0<span style=\"font-size: 15px;\">Plewiska <\/span><\/p>\n<p>[\/et_pb_text][\/et_pb_column][et_pb_column type=&#8221;1_4&#8243; _builder_version=&#8221;3.25&#8243; custom_padding=&#8221;|||&#8221; global_colors_info=&#8221;{}&#8221; custom_padding__hover=&#8221;|||&#8221;][et_pb_text _builder_version=&#8221;3.27.4&#8243; text_font=&#8221;Paytone One||||||||&#8221; text_font_size=&#8221;15px&#8221; background_layout=&#8221;dark&#8221; text_text_shadow_style=&#8221;preset3&#8243; global_colors_info=&#8221;{}&#8221;]<\/p>\n<p>REZERWACJE<\/p>\n<p>[\/et_pb_text][et_pb_text _builder_version=&#8221;3.27.4&#8243; text_font=&#8221;Lato||||||||&#8221; text_font_size=&#8221;15px&#8221; global_colors_info=&#8221;{}&#8221;]<\/p>\n<p><span style=\"font-size: 10.5pt; line-height: 115%;\">Rezerwacja kort\u00f3w pod numerem: <b>880-984-886<\/b> oraz <a href=\"http:\/\/www.latwa-rezerwacja.pl\/rezonpoznan\" target=\"_blank\" rel=\"noopener noreferrer\">on-line<\/a><\/span><\/p>\n<p>[\/et_pb_text][\/et_pb_column][et_pb_column type=&#8221;1_4&#8243; _builder_version=&#8221;3.25&#8243; custom_padding=&#8221;|||&#8221; global_colors_info=&#8221;{}&#8221; custom_padding__hover=&#8221;|||&#8221;][et_pb_text _builder_version=&#8221;3.27.4&#8243; text_font=&#8221;Paytone One||||||||&#8221; text_font_size=&#8221;15px&#8221; background_layout=&#8221;dark&#8221; text_text_shadow_style=&#8221;preset3&#8243; global_colors_info=&#8221;{}&#8221;]<\/p>\n<p>WYDARZENIA<\/p>\n<p>[\/et_pb_text][et_pb_sidebar area=&#8221;sidebar-1&#8243; show_border=&#8221;off&#8221; _builder_version=&#8221;3.0.86&#8243; header_font=&#8221;Lato||||||||&#8221; text_orientation=&#8221;center&#8221; global_colors_info=&#8221;{}&#8221;][\/et_pb_sidebar][\/et_pb_column][\/et_pb_row][\/et_pb_section]<\/p>\n","protected":false},"excerpt":{"rendered":"<p>SQUASH SQUASH Posiadamy najlepsze\u00a0korty\u00a0ASB Squash Court\u00a0i zdrowe pod\u0142ogi\u00a0ASB SportsFloor.Zdrowe\u00a0pod\u0142ogi\u00a0ASB SportsFloor\u00a0spe\u0142niaj\u0105 wszelkie wymogi pod\u0142\u00f3g sportowych. Zabezpieczaj\u0105 przed kontuzjami (70 mm drewniana pod\u0142oga oparta na amortyzatorach) i dzi\u0119ki szorstkiemu szlifowaniu i procesowi g\u0142\u0119bokiej impregnacji zapewniaj\u0105 odpowiednie tarcie.Je\u015bli gra\u0142e\u015b do tej pory w tenisa czy badmintona, to ta dyscyplina jest r\u00f3wnie\u017c dla Ciebie, zapraszamy!! Squash jest niezwykle dynamiczn\u0105 [&hellip;]<\/p>\n","protected":false},"author":3,"featured_media":0,"parent":0,"menu_order":0,"comment_status":"closed","ping_status":"closed","template":"","meta":{"_et_pb_use_builder":"on","_et_pb_old_content":"W Centrum Rezon najwa\u017cniejszy jest <strong>squash\u00a0\u2013<\/strong> <strong>4 klimatyzowane korty ASB<\/strong>.\r\nPoza squashem \u2013 <strong>\u015bciana wspinaczkowa<\/strong> wysoko\u015bci 8 m. Od maja rusza budowa <strong>FunClimbu<\/strong>, <strong>bulderowni<\/strong> i <strong>Du\u017cego Dachu<\/strong>.\r\n\r\n[caption id=\"attachment_3050\" align=\"aligncenter\" width=\"448\"]<a title=\"Centrum Rezon Pozna\u0144 \u2013 squash, wspinaczka, plac zabaw\" href=\"http:\/\/rezon-poznan.pl\/squash\/wp-content\/uploads\/2015\/01\/Rezon-Squash-Pozna\u0144.jpg\" rel=\"lightbox\"><img class=\"wp-image-3050 \" title=\"Centrum Rezon Squash Pozna\u0144 \u2013 squash, wspinaczka, plac zabaw\" src=\"http:\/\/rezon-poznan.pl\/squash\/wp-content\/uploads\/2015\/01\/Rezon-Squash-Pozna\u0144.jpg\" alt=\"\" width=\"448\" height=\"163\" \/><\/a> <span style=\"color: #000000;\">Centrum Squasha, Centrum Wspinaczkowe\u00a0\u2013 Centrum Rezon Squash Pozna\u0144<\/span>[\/caption]\r\n<h2>Squash<\/h2>\r\n[caption id=\"attachment_3094\" align=\"alignright\" width=\"252\"]<a title=\"ASB Squash Court \u2013 Rezon Pozna\u0144\" href=\"http:\/\/rezon-poznan.pl\/squash\/wp-content\/uploads\/2015\/01\/ASB-squash-rezon-Pozna\u0144.jpg\" rel=\"lightbox\"><img class=\"wp-image-3094 \" title=\"ASB Squash Court\" src=\"http:\/\/rezon-poznan.pl\/squash\/wp-content\/uploads\/2015\/01\/ASB-squash-rezon-Pozna\u0144.jpg\" alt=\"ASB Squash Court\" width=\"252\" height=\"169\" \/><\/a> <span style=\"color: #000000;\">ASB Squash Court<br \/><\/span>[\/caption]\r\n<p style=\"text-align: justify;\">To najlepsze\u00a0<strong>korty\u00a0ASB Squash Court<\/strong> i zdrowe pod\u0142ogi <strong>ASB SportsFloor<\/strong>.<\/p>\r\n<p style=\"text-align: justify;\">Zdrowe <strong>pod\u0142ogi\u00a0ASB SportsFloor<\/strong> spe\u0142niaj\u0105 wszelkie wymogi pod\u0142\u00f3g sportowych. Zabezpieczaj\u0105 przed kontuzjami (70 mm drewniana pod\u0142oga oparta na amortyzatorach) i dzi\u0119ki szorstkiemu szlifowaniu i procesowi g\u0142\u0119bokiej impregnacji zapewniaj\u0105 odpowiednie tarcie.<\/p>\r\n<p style=\"text-align: justify;\">Je\u015bli gra\u0142e\u015b do tej pory w tenisa czy badmintona, to ta dyscyplina jest r\u00f3wnie\u017c dla Ciebie, zapraszamy!! Squash jest niezwykle dynamiczn\u0105 gr\u0105, kt\u00f3ra pozwala wydoby\u0107 z gracza takie cechy charakteru jak determinacja, bojowo\u015b\u0107 czy fantazja. Squash wp\u0142ywa r\u00f3wnie\u017c pozytywnie na wiele funkcji motorycznych naszego organizmu.<\/p>\r\n<p style=\"text-align: justify;\">Mo\u017cecie po prostu gra\u0107, ale proponujemy Wam wi\u0119cej: <strong>Lig\u0119 Rezon Monday Tour<\/strong>, <strong>turnieje PFS<\/strong>.<\/p>\r\n\r\n\r\n[caption id=\"attachment_3106\" align=\"alignright\" width=\"252\"]<a title=\"Centrum Rezon Squash Pozna\u0144 \u2013 turnieje\" href=\"http:\/\/rezon-poznan.pl\/squash\/wp-content\/uploads\/2015\/01\/Rezon-Squash-Pozna\u0144-turniej.jpg\" rel=\"lightbox\"><img class=\" wp-image-3106 \" title=\"Turnieje\" src=\"http:\/\/rezon-poznan.pl\/squash\/wp-content\/uploads\/2015\/01\/Rezon-Squash-Pozna\u0144-turniej.jpg\" alt=\"Turnieje\" width=\"252\" height=\"169\" \/><\/a> <span style=\"color: #000000;\">Turnieje<\/span>[\/caption]\r\n<p style=\"text-align: justify;\"><strong><a title=\"Liga Rezon Monday Tour \u2013 Centrum Rezon Squash Pozna\u0144\" href=\"http:\/\/www.rezon-poznan.pl\/squash\/liga-rezon-monday-tour\/regulamin\/\">Liga Rezon Monday Tour<\/a><\/strong>\u00a0to cykl dziesi\u0119ciu kolejek rozgrywanych w ka\u017cdy poniedzia\u0142ek od 20:00.\u00a0Dla 3 najlepszych zawodnik\u00f3w ligi\u00a0\u2013 puchary, dla pierwszej \u201epi\u0105tki\u201d\u00a0\u2013 nagrody. Nagrody r\u00f3wnie\u017c dla wytrwa\u0142ych i szcz\u0119\u015bciarzy.<\/p>\r\n<p style=\"text-align: justify;\">Dla graczy sklasyfikowanych w rankingu PFS regularnie organizujemy\u00a0<a title=\"Turnieje \u2013 Centrum Rezon Squash Pozna\u0144\" href=\"http:\/\/www.rezon-poznan.pl\/squash\/turnieje\/\"><strong>turnieje<\/strong><\/a> rangi B i C.<\/p>\r\n<strong>Rezerwacja kort\u00f3w<\/strong> \u2013 <a title=\"Rezerwacja on-line \u2013 Centrum Rezon Squash Pozna\u0144\" href=\"http:\/\/www.rezon-poznan.pl\/rezerwacja-on-line\/\">on-line<\/a>, telefonicznie (<strong>61-65-10-400<\/strong>) i <a title=\"recepcja@rezon-poznan.pl\" href=\"mailto: recepcja@rezon-poznan.pl\">e-mailowo<\/a>.\r\n<h2>Wynaj\u0119cie sprz\u0119tu<\/h2>\r\n<p style=\"text-align: justify;\"><strong>Rakiety i pi\u0142ki do squasha<\/strong> mo\u017cna wypo\u017cyczy\u0107 w recepcji Klubu. Wypo\u017cyczamy tak\u017ce rakiety testowe \u2013 s\u0105 to modele dost\u0119pne w naszym sklepie (Karakal, Oliver, Eye). Rakiety innych marek na indywidualne zam\u00f3wienie. W sprzeda\u017cy: pi\u0142ki (Dunlop), owijki (Karakal) oraz naci\u0105gi i koszulki.<\/p>\r\n\r\n<h2 style=\"text-align: justify;\">Sklep<\/h2>\r\nPoza tym co zawsze na miejscu w ofercie mamy wszystko to co znajdziecie na \u00a0<a href=\"https:\/\/erakiety.com\/\" rel=\"lightbox\"><img class=\"wp-image-5636 alignnone\" src=\"http:\/\/rezon-poznan.pl\/squash\/wp-content\/uploads\/2017\/04\/logo_1_big-logo-erakiety.png\" alt=\"\" width=\"114\" height=\"20\" \/><\/a>\r\nPytajcie w recepcji. Warto pyta\u0107 ;)\r\n\r\n[caption id=\"attachment_3362\" align=\"alignright\" width=\"252\"]<a href=\"http:\/\/rezon-poznan.pl\/squash\/wp-content\/uploads\/2015\/02\/\u0141ukasz-Centrum-Rezon-Squash-Pozna\u0144-2.jpg\" rel=\"lightbox\"><img class=\"wp-image-3362 \" title=\"\" src=\"http:\/\/rezon-poznan.pl\/squash\/wp-content\/uploads\/2015\/02\/\u0141ukasz-Centrum-Rezon-Squash-Pozna\u0144-2.jpg\" alt=\"Trener\" width=\"252\" height=\"189\" \/><\/a> <span style=\"color: #f2f2f2;\">-<\/span>[\/caption]\r\n<h2>Trenerzy<\/h2>\r\n<p style=\"text-align: justify;\">Je\u015bli chcecie poprawi\u0107 technik\u0119, doskonali\u0107 umiej\u0119tno\u015bci czy pozna\u0107 zasady i podstawy gry w squasha - zarezerwujcie indywidualne zaj\u0119cia z trenerem.\r\nPo dodatkowe informacje dotycz\u0105ce wolnych termin\u00f3w i cen prosimy kontaktowa\u0107 si\u0119 bezpo\u015brednio z <strong>\u0141ukaszem<\/strong> pod numerem:\r\n<strong>783-823-283<\/strong><\/p>\r\n\r\n<h2>Plac zabaw<\/h2>\r\n[caption id=\"attachment_3366\" align=\"alignright\" width=\"252\"]<a href=\"http:\/\/rezon-poznan.pl\/squash\/wp-content\/uploads\/2015\/02\/plac-zabaw-Centrum-Rezon-Squash-Pozna\u0144.jpg\" rel=\"lightbox\"><img class=\" wp-image-3366 \" title=\"Plac zabaw\" src=\"http:\/\/rezon-poznan.pl\/squash\/wp-content\/uploads\/2015\/02\/plac-zabaw-Centrum-Rezon-Squash-Pozna\u0144.jpg\" alt=\"Plac zabaw\" width=\"252\" height=\"183\" \/><\/a> <span style=\"color: #000000;\">Plac zabaw - Plewiska<\/span>[\/caption]\r\n<p style=\"text-align: justify;\">Pogoda w Plewiskach nie zach\u0119ca do spacer\u00f3w? Przyjd\u017acie z dzie\u0107mi do nas. Tym bardziej, \u017ce po\u00a08 kwietnia plac zabaw wyje\u017cd\u017ca. Potem ca\u0142\u0105 przestrze\u0144 zajmie \u015bciana wspinaczkowa. Panel b\u0119dzie wsz\u0119dzie - wszystkie \u015bciany, dach, po \u015brodku s\u0142up..\u00a0<a title=\"Plac zabaw \u2013 Centrum Rezon Squash Pozna\u0144\" href=\"http:\/\/www.rezon-poznan.pl\/malpi-gaj\/\">Plac zabaw<\/a><\/p>\r\n\r\n<h2>Urodziny<\/h2>\r\n<p style=\"text-align: justify;\">Organizujemy urodziny dla dzieci. Nasze animatorki i nasi trenerzy zapewniaj\u0105 \u015bwietn\u0105 zabaw\u0119 na placu zabaw, squashu i \u015bcianie wspinaczkowej. <a title=\"Urodziny \u2013 Centrum Rezon Squash Pozna\u0144\" href=\"http:\/\/www.rezon-poznan.pl\/organizujemy-urodziny-dla-dzieci\/\">Urodziny<\/a><\/p>\r\n\r\n<h2>\u015aciana wspinaczkowa<\/h2>\r\n[caption id=\"attachment_3364\" align=\"alignright\" width=\"252\"]<a href=\"http:\/\/www.rezon-poznan.pl\/squash\/wp-content\/uploads\/2015\/02\/\u015aciana-Centrum-Rezon-Squash-Pozna\u0144.jpg\" rel=\"lightbox\"><img class=\"wp-image-3364 \" title=\"\u015aciana wspinaczkowa\" src=\"http:\/\/www.rezon-poznan.pl\/squash\/wp-content\/uploads\/2015\/02\/\u015aciana-Centrum-Rezon-Squash-Pozna\u0144.jpg\" alt=\"\u015aciana wspinaczkowa\" width=\"252\" height=\"341\" \/><\/a> <span style=\"color: #000000;\">\u015aciana wspinaczkowa - Plewiska<\/span>[\/caption]\r\n<p style=\"text-align: justify;\">8 m wysoko\u015bci, 11 m szeroko\u015bci, g\u00f3rna i dolna asekuracja; sekcje pionowe, po\u0142ogie, przewieszki, przewieszony kant, zaci\u0119cia i okap.\r\nJe\u015bli Was to zach\u0119ci\u0142o, to zapraszamy!<\/p>\r\n<p style=\"text-align: justify;\">W maju\u00a0rusza rozbudowa!<\/p>","_et_gb_content_width":"","footnotes":""},"class_list":["post-6141","page","type-page","status-publish","hentry"],"_links":{"self":[{"href":"https:\/\/rezon-poznan.pl\/squash\/wp-json\/wp\/v2\/pages\/6141","targetHints":{"allow":["GET"]}}],"collection":[{"href":"https:\/\/rezon-poznan.pl\/squash\/wp-json\/wp\/v2\/pages"}],"about":[{"href":"https:\/\/rezon-poznan.pl\/squash\/wp-json\/wp\/v2\/types\/page"}],"author":[{"embeddable":true,"href":"https:\/\/rezon-poznan.pl\/squash\/wp-json\/wp\/v2\/users\/3"}],"replies":[{"embeddable":true,"href":"https:\/\/rezon-poznan.pl\/squash\/wp-json\/wp\/v2\/comments?post=6141"}],"version-history":[{"count":8,"href":"https:\/\/rezon-poznan.pl\/squash\/wp-json\/wp\/v2\/pages\/6141\/revisions"}],"predecessor-version":[{"id":8140,"href":"https:\/\/rezon-poznan.pl\/squash\/wp-json\/wp\/v2\/pages\/6141\/revisions\/8140"}],"wp:attachment":[{"href":"https:\/\/rezon-poznan.pl\/squash\/wp-json\/wp\/v2\/media?parent=6141"}],"curies":[{"name":"wp","href":"https:\/\/api.w.org\/{rel}","templated":true}]}}