{"id":5772,"date":"2017-04-11T13:22:28","date_gmt":"2017-04-11T11:22:28","guid":{"rendered":"http:\/\/www.rezon-poznan.pl\/?page_id=5772"},"modified":"2025-08-29T08:15:20","modified_gmt":"2025-08-29T06:15:20","slug":"szkolka-squasha","status":"publish","type":"page","link":"https:\/\/rezon-poznan.pl\/squash\/szkolka-squasha\/","title":{"rendered":"Szk\u00f3\u0142ka Squasha"},"content":{"rendered":"<p>[et_pb_section fb_built=&#8221;1&#8243; admin_label=&#8221;section&#8221; _builder_version=&#8221;4.16&#8243; global_colors_info=&#8221;{}&#8221;][et_pb_row admin_label=&#8221;row&#8221; _builder_version=&#8221;4.16&#8243; background_size=&#8221;initial&#8221; background_position=&#8221;top_left&#8221; background_repeat=&#8221;repeat&#8221; global_colors_info=&#8221;{}&#8221;][et_pb_column type=&#8221;4_4&#8243; _builder_version=&#8221;4.16&#8243; custom_padding=&#8221;|||&#8221; global_colors_info=&#8221;{}&#8221; custom_padding__hover=&#8221;|||&#8221;][et_pb_text admin_label=&#8221;Text&#8221; _builder_version=&#8221;4.16&#8243; background_size=&#8221;initial&#8221; background_position=&#8221;top_left&#8221; background_repeat=&#8221;repeat&#8221; global_colors_info=&#8221;{}&#8221;]<\/p>\n<h1 class=\"hentry__title\">\u00a0<\/h1>\n<h1 class=\"hentry__title\">SZK\u00d3\u0141KA SQUASHA<\/h1>\n<div class=\"hentry__content\">\n<p>&nbsp;<\/p>\n<p>Zapraszamy dzieci i m\u0142odzie\u017c od 7. roku \u017cycia.<\/p>\n<p>Podczas zaj\u0119\u0107 juniorzy poznaj\u0105 nie tylko zasady gry w squasha ale tak\u017ce b\u0119d\u0105 pracowa\u0107 nad rozwojem koncentracji, sprawno\u015bci fizycznej i cech motorycznych (poprzez po\u0142\u0105cznie zabawy z \u0107wiczeniami og\u00f3lnorozwojowymi).<\/p>\n<p>Grupy s\u0105 dobierane wg wieku i poziomu zaawansowania.<\/p>\n<ul>\n<li>zaj\u0119cia z trenerem <strong>w grupach 3-6 osobowych<\/strong><\/li>\n<li>sprz\u0119t w cenie<\/li>\n<li>turnieje juniorskie<\/li>\n<\/ul>\n<p>Koszt:<br \/>80 z\u0142\/1h &#8211; pojedyncze zaj\u0119cia<\/p>\n<p>&nbsp;<\/p>\n<\/div>\n<p><img loading=\"lazy\" decoding=\"async\" src=\"https:\/\/rezon-poznan.pl\/squash\/wp-content\/uploads\/2020\/12\/szkolka.jpg\" width=\"1122\" height=\"744\" alt=\"\" \/><\/p>\n<p>[\/et_pb_text][\/et_pb_column][\/et_pb_row][\/et_pb_section]<\/p>\n","protected":false},"excerpt":{"rendered":"<p>\u00a0 SZK\u00d3\u0141KA SQUASHA &nbsp; Zapraszamy dzieci i m\u0142odzie\u017c od 7. roku \u017cycia. Podczas zaj\u0119\u0107 juniorzy poznaj\u0105 nie tylko zasady gry w squasha ale tak\u017ce b\u0119d\u0105 pracowa\u0107 nad rozwojem koncentracji, sprawno\u015bci fizycznej i cech motorycznych (poprzez po\u0142\u0105cznie zabawy z \u0107wiczeniami og\u00f3lnorozwojowymi). Grupy s\u0105 dobierane wg wieku i poziomu zaawansowania. zaj\u0119cia z trenerem w grupach 3-6 osobowych [&hellip;]<\/p>\n","protected":false},"author":3,"featured_media":0,"parent":0,"menu_order":0,"comment_status":"closed","ping_status":"closed","template":"","meta":{"_et_pb_use_builder":"on","_et_pb_old_content":"<h1 class=\"hentry__title\">Zaj\u0119cia dla\u00a0junior\u00f3w<\/h1>\r\n<div class=\"hentry__content\">\r\n\r\nProgram przygotowany jest r\u00f3wnie\u017c dla dzieci, kt\u00f3re chc\u0105 zacz\u0105\u0107 przygod\u0119 ze squashem.\r\nGrupy dobierane s\u0105 wg wieku oraz stopnia zaawansowania.\r\n\r\nPo\u0142\u0105czenie zabawy oraz \u0107wicze\u0144 og\u00f3lnorozwojowych ma na celu rozw\u00f3j koncentracji, cech motorycznych, sprawno\u015bci fizycznej jak r\u00f3wnie\u017c poznanie podstaw gry w squasha.\r\n\r\n<strong>Zaj\u0119cia odbywaj\u0105 si\u0119 w ka\u017cd\u0105 sobot\u0119 w godzinach 10.00-12.00<\/strong>*\r\n\r\n* mo\u017cliwe dodatkowe terminy dla grup zorganizowanych oraz w miar\u0119 zainteresowania i zapotrzebowania\r\n\r\nOferujemy:\r\n<ul>\r\n \t<li>zaj\u0119cia z trenerem <strong>w grupach 3-6 osobowych<\/strong><\/li>\r\n \t<li>wypo\u017cyczenie sprz\u0119tu w cenie kursu<\/li>\r\n \t<li>turnieje juniorskie<\/li>\r\n<\/ul>\r\nWi\u0119cej informacji w recepcji klubu lub pod numerem telefonu 783 823\u00a0283\r\n\r\n[caption id=\"attachment_4222\" align=\"alignnone\" width=\"1024\"]<!--<a href=\"http:\/\/rezon-poznan.pl\/squash\/wp-content\/uploads\/2015\/12\/IMG_6637.jpg\" rel=\"lightbox\">--><img class=\"wp-image-4222 size-large\" src=\"http:\/\/rezon-poznan.pl\/squash\/wp-content\/uploads\/2015\/12\/IMG_6637-1024x683.jpg\" alt=\"\" width=\"1024\" height=\"683\"><!--<\/a>--> Turniej squash juniorzy[\/caption]\r\n\r\n<\/div>","_et_gb_content_width":"","footnotes":""},"class_list":["post-5772","page","type-page","status-publish","hentry"],"_links":{"self":[{"href":"https:\/\/rezon-poznan.pl\/squash\/wp-json\/wp\/v2\/pages\/5772","targetHints":{"allow":["GET"]}}],"collection":[{"href":"https:\/\/rezon-poznan.pl\/squash\/wp-json\/wp\/v2\/pages"}],"about":[{"href":"https:\/\/rezon-poznan.pl\/squash\/wp-json\/wp\/v2\/types\/page"}],"author":[{"embeddable":true,"href":"https:\/\/rezon-poznan.pl\/squash\/wp-json\/wp\/v2\/users\/3"}],"replies":[{"embeddable":true,"href":"https:\/\/rezon-poznan.pl\/squash\/wp-json\/wp\/v2\/comments?post=5772"}],"version-history":[{"count":27,"href":"https:\/\/rezon-poznan.pl\/squash\/wp-json\/wp\/v2\/pages\/5772\/revisions"}],"predecessor-version":[{"id":8267,"href":"https:\/\/rezon-poznan.pl\/squash\/wp-json\/wp\/v2\/pages\/5772\/revisions\/8267"}],"wp:attachment":[{"href":"https:\/\/rezon-poznan.pl\/squash\/wp-json\/wp\/v2\/media?parent=5772"}],"curies":[{"name":"wp","href":"https:\/\/api.w.org\/{rel}","templated":true}]}}