{"id":5747,"date":"2017-04-06T11:19:35","date_gmt":"2017-04-06T09:19:35","guid":{"rendered":"http:\/\/www.rezon-poznan.pl\/?page_id=5747"},"modified":"2019-09-05T09:02:31","modified_gmt":"2019-09-05T07:02:31","slug":"liga-rezon-monday-tour-2","status":"publish","type":"page","link":"https:\/\/rezon-poznan.pl\/squash\/liga-rezon-monday-tour-2\/","title":{"rendered":"Liga Rezon Monday Tour"},"content":{"rendered":"<p>[et_pb_section fb_built=&#8221;1&#8243; _builder_version=&#8221;3.22&#8243; background_image=&#8221;https:\/\/rezon-poznan.pl\/squash\/wp-content\/uploads\/2017\/11\/slider-squash-rezon.jpg&#8221; custom_margin=&#8221;0px||0px|&#8221; custom_padding=&#8221;5px||5px|&#8221; bb_built=&#8221;1&#8243; _i=&#8221;0&#8243; _address=&#8221;0&#8243;][et_pb_row _builder_version=&#8221;3.25&#8243; _i=&#8221;0&#8243; _address=&#8221;0.0&#8243;][et_pb_column type=&#8221;4_4&#8243; _builder_version=&#8221;3.25&#8243; custom_padding=&#8221;|||&#8221; _i=&#8221;0&#8243; _address=&#8221;0.0.0&#8243; custom_padding__hover=&#8221;|||&#8221;][et_pb_text _builder_version=&#8221;3.0.105&#8243; text_font=&#8221;Paytone One||||||||&#8221; text_font_size=&#8221;55px&#8221; text_orientation=&#8221;center&#8221; background_layout=&#8221;dark&#8221; module_alignment=&#8221;center&#8221; _i=&#8221;0&#8243; _address=&#8221;0.0.0.0&#8243;]Liga Rezon Monday Tour<br \/>\n[\/et_pb_text][\/et_pb_column][\/et_pb_row][\/et_pb_section][et_pb_section fb_built=&#8221;1&#8243; _builder_version=&#8221;3.22&#8243; background_image=&#8221;https:\/\/rezon-poznan.pl\/squash\/wp-content\/uploads\/2017\/11\/background.png&#8221; parallax=&#8221;on&#8221; parallax_method=&#8221;off&#8221; bb_built=&#8221;1&#8243; _i=&#8221;1&#8243; _address=&#8221;1&#8243;][et_pb_row _builder_version=&#8221;3.25&#8243; _i=&#8221;0&#8243; _address=&#8221;1.0&#8243;][et_pb_column type=&#8221;4_4&#8243; _builder_version=&#8221;3.25&#8243; custom_padding=&#8221;|||&#8221; _i=&#8221;0&#8243; _address=&#8221;1.0.0&#8243; custom_padding__hover=&#8221;|||&#8221;][et_pb_text _builder_version=&#8221;3.27.3&#8243; hover_enabled=&#8221;0&#8243; _i=&#8221;0&#8243; _address=&#8221;1.0.0.0&#8243; admin_label=&#8221;Tekst&#8221;]<b>Zapraszamy na Lig\u0119 Squasha w Centrum Rezon!<\/b><\/p>\n<p>Jest\u00a0to cykl kilkunastu cotygodniowych turniej\u00f3w pod nazw\u0105 <strong>Rezon Monday Tour<\/strong>, z kt\u00f3rych do og\u00f3lnej klasyfikacji liczy si\u0119 <strong>7-8 najlepiej rozegranych<\/strong> przez ka\u017cdego zawodnika.<\/p>\n<p>Naszym g\u0142\u00f3wnym celem jest <strong>popularyzacja squasha<\/strong> poprzez organizacj\u0119 rozgrywek na ka\u017cdym poziomie zaawansowania i umiej\u0119tno\u015bci.<\/p>\n<p>Liga jest dla graczy s\u0142abszych, \u015brednich, dobrych, dla kompletnych amator\u00f3w graj\u0105cych tylko raz w tygodniu, fanatyk\u00f3w graj\u0105cych na co dzie\u0144, a tak\u017ce dla trener\u00f3w klubowych.<\/p>\n<p>NIE B\u00d3J SI\u0118! NA PEWNO ZNAJDZIESZ GRACZY NA SWOIM POZIOMIE! \ud83d\ude42<\/p>\n<p>Ta liga jest stworzona dla Was, dlatego s\u0142uchamy uwag, modyfikujemy rozgrywki, a nagrody wr\u0119czamy nie tylko najlepszym!<\/p>\n<p>Wi\u0119cej informacji: e-mail\u00a0<a href=\"mailto:recepcja@rezon-poznan.pl\">recepcja@rezon-poznan.pl<\/a> b\u0105d\u017a pod numerem telefonu <strong>880 984 886<\/strong><br \/>\n[\/et_pb_text][\/et_pb_column][\/et_pb_row][\/et_pb_section][et_pb_section fb_built=&#8221;1&#8243; _builder_version=&#8221;3.0.86&#8243; background_color=&#8221;#a8a8a8&#8243; background_image=&#8221;https:\/\/rezon-poznan.pl\/squash\/wp-content\/uploads\/2017\/11\/background.png&#8221; parallax=&#8221;on&#8221; parallax_method=&#8221;off&#8221; custom_padding=&#8221;17px|0px|0px|0px&#8221; global_module=&#8221;6683&#8243; bb_built=&#8221;1&#8243; _i=&#8221;2&#8243; _address=&#8221;2&#8243;][et_pb_row column_structure=&#8221;1_4,1_4,1_4,1_4&#8243; _builder_version=&#8221;3.25&#8243; background_size=&#8221;initial&#8221; background_position=&#8221;top_left&#8221; background_repeat=&#8221;repeat&#8221; custom_padding=&#8221;6px|0px|36px|0px&#8221; _i=&#8221;0&#8243; _address=&#8221;2.0&#8243;][et_pb_column type=&#8221;1_4&#8243; _builder_version=&#8221;3.25&#8243; custom_padding=&#8221;|||&#8221; _i=&#8221;0&#8243; _address=&#8221;2.0.0&#8243; custom_padding__hover=&#8221;|||&#8221;][et_pb_image src=&#8221;https:\/\/rezon-poznan.pl\/squash\/wp-content\/uploads\/2017\/11\/logo-squash.png&#8221; align_tablet=&#8221;center&#8221; align_last_edited=&#8221;on|desktop&#8221; _builder_version=&#8221;3.23&#8243; max_width=&#8221;80%&#8221; module_alignment=&#8221;left&#8221; custom_margin=&#8221;0px|||&#8221; animation_style=&#8221;fold&#8221; always_center_on_mobile=&#8221;on&#8221; _i=&#8221;0&#8243; _address=&#8221;2.0.0.0&#8243;][\/et_pb_image][\/et_pb_column][et_pb_column type=&#8221;1_4&#8243; _builder_version=&#8221;3.25&#8243; custom_padding=&#8221;|||&#8221; _i=&#8221;1&#8243; _address=&#8221;2.0.1&#8243; custom_padding__hover=&#8221;|||&#8221;][et_pb_text _builder_version=&#8221;3.0.86&#8243; text_font=&#8221;Paytone One||||||||&#8221; text_text_color=&#8221;#ffffff&#8221; text_font_size=&#8221;15px&#8221; text_text_shadow_style=&#8221;preset3&#8243; _i=&#8221;0&#8243; _address=&#8221;2.0.1.0&#8243;]<\/p>\n<p>CENTRUM REZON<\/p>\n<p>[\/et_pb_text][et_pb_text _builder_version=&#8221;3.0.86&#8243; text_font=&#8221;Lato||||||||&#8221; text_font_size=&#8221;15px&#8221; _i=&#8221;1&#8243; _address=&#8221;2.0.1.1&#8243;]<\/p>\n<p>ul. Kolejowa 32\u200e<br \/>62-064\u00a0<span style=\"font-size: 15px;\">Plewiska <\/span><\/p>\n<p>[\/et_pb_text][\/et_pb_column][et_pb_column type=&#8221;1_4&#8243; _builder_version=&#8221;3.25&#8243; custom_padding=&#8221;|||&#8221; _i=&#8221;2&#8243; _address=&#8221;2.0.2&#8243; custom_padding__hover=&#8221;|||&#8221;][et_pb_text _builder_version=&#8221;3.0.86&#8243; text_font=&#8221;Paytone One||||||||&#8221; text_font_size=&#8221;15px&#8221; text_text_shadow_style=&#8221;preset3&#8243; background_layout=&#8221;dark&#8221; _i=&#8221;0&#8243; _address=&#8221;2.0.2.0&#8243;]<\/p>\n<p>REZERWACJE<\/p>\n<p>[\/et_pb_text][et_pb_text _builder_version=&#8221;3.0.105&#8243; text_font=&#8221;Lato||||||||&#8221; text_font_size=&#8221;15px&#8221; _i=&#8221;1&#8243; _address=&#8221;2.0.2.1&#8243;]<\/p>\n<p><span style=\"font-size: 10.5pt; line-height: 115%;\">Rezerwacja kort\u00f3w pod numerem: <b>880-984-886<\/b> oraz <a href=\"http:\/\/www.latwa-rezerwacja.pl\/rezonpoznan\" target=\"_blank\" rel=\"noopener noreferrer\">on-line<\/a><\/span><\/p>\n<p>[\/et_pb_text][\/et_pb_column][et_pb_column type=&#8221;1_4&#8243; _builder_version=&#8221;3.25&#8243; custom_padding=&#8221;|||&#8221; _i=&#8221;3&#8243; _address=&#8221;2.0.3&#8243; custom_padding__hover=&#8221;|||&#8221;][et_pb_text _builder_version=&#8221;3.0.105&#8243; text_font=&#8221;Paytone One||||||||&#8221; text_font_size=&#8221;15px&#8221; text_text_shadow_style=&#8221;preset3&#8243; background_layout=&#8221;dark&#8221; _i=&#8221;0&#8243; _address=&#8221;2.0.3.0&#8243;]<\/p>\n<p>WYDARZENIA<\/p>\n<p>[\/et_pb_text][et_pb_sidebar area=&#8221;sidebar-1&#8243; show_border=&#8221;off&#8221; _builder_version=&#8221;3.0.86&#8243; header_font=&#8221;Lato||||||||&#8221; text_orientation=&#8221;center&#8221; _i=&#8221;1&#8243; _address=&#8221;2.0.3.1&#8243;][\/et_pb_sidebar][\/et_pb_column][\/et_pb_row][\/et_pb_section]<\/p>\n","protected":false},"excerpt":{"rendered":"<p>Liga Rezon Monday Tour Zapraszamy na Lig\u0119 Squasha w Centrum Rezon! Jest\u00a0to cykl kilkunastu cotygodniowych turniej\u00f3w pod nazw\u0105 Rezon Monday Tour, z kt\u00f3rych do og\u00f3lnej klasyfikacji liczy si\u0119 7-8 najlepiej rozegranych przez ka\u017cdego zawodnika. Naszym g\u0142\u00f3wnym celem jest popularyzacja squasha poprzez organizacj\u0119 rozgrywek na ka\u017cdym poziomie zaawansowania i umiej\u0119tno\u015bci. Liga jest dla graczy s\u0142abszych, \u015brednich, [&hellip;]<\/p>\n","protected":false},"author":3,"featured_media":0,"parent":0,"menu_order":0,"comment_status":"closed","ping_status":"closed","template":"","meta":{"_et_pb_use_builder":"on","_et_pb_old_content":"<span style=\"color: #ff0000;\"><b>Zapraszamy Wszystkich na Lig\u0119 Squasha w Centrum Rezon!!<\/b><\/span>\r\n\r\nJest\u00a0to cykl 10 turniej\u00f3w pod nazw\u0105 <strong>Rezon Monday Tour<\/strong>, z kt\u00f3rych do og\u00f3lnej klasyfikacji liczy si\u0119 <strong>7 najlepiej rozegranych<\/strong> przez ka\u017cdego zawodnika.\r\n\r\nNaszym g\u0142\u00f3wnym celem jest <strong>popularyzacja squasha<\/strong> poprzez organizacj\u0119 rozgrywek na ka\u017cdym poziomie zaawansowania i umiej\u0119tno\u015bci.\r\n\r\nLiczymy, \u017ce do naszych szereg\u00f3w do\u0142\u0105cz\u0105 gracze pocz\u0105tkuj\u0105cy, kt\u00f3rzy najzwyczajniej nie maj\u0105 z kim pogra\u0107, jak i na r\u00f3\u017cnych poziomach zaawansowania (chc\u0105cy \u201esprawdzi\u0107 si\u0119\u201d). Liga jest dla graczy s\u0142abszych, \u015brednich, dobrych, kompletnych amator\u00f3w graj\u0105cych tylko raz w tygodniu i tylko w lidze, fanatyk\u00f3w graj\u0105cych na co dzie\u0144, a tak\u017ce trener\u00f3w klubowych.\r\n\r\nNIE B\u00d3J SI\u0118! ;) NA PEWNO ZNAJDZIESZ GRACZY NA SWOIM POZIOMIE!\r\n\r\nOferujemy cotygodniowe rozgrywki w mi\u0142ej, przyjaznej atmosferze. Ta liga jest stworzona dla Was, dlatego s\u0142uchamy uwag, modyfikujemy rozgrywki, a nagrody wr\u0119czamy nie tylko najlepszym!\r\n\r\nWi\u0119cej informacji: e-mail\u00a0<a href=\"mailto:recepcja@rezon-poznan.pl\">recepcja@rezon-poznan.pl<\/a> b\u0105d\u017a pod numerem telefonu <strong>783 823 283<\/strong>\r\n\r\n\u00a0","_et_gb_content_width":"","footnotes":""},"class_list":["post-5747","page","type-page","status-publish","hentry"],"_links":{"self":[{"href":"https:\/\/rezon-poznan.pl\/squash\/wp-json\/wp\/v2\/pages\/5747","targetHints":{"allow":["GET"]}}],"collection":[{"href":"https:\/\/rezon-poznan.pl\/squash\/wp-json\/wp\/v2\/pages"}],"about":[{"href":"https:\/\/rezon-poznan.pl\/squash\/wp-json\/wp\/v2\/types\/page"}],"author":[{"embeddable":true,"href":"https:\/\/rezon-poznan.pl\/squash\/wp-json\/wp\/v2\/users\/3"}],"replies":[{"embeddable":true,"href":"https:\/\/rezon-poznan.pl\/squash\/wp-json\/wp\/v2\/comments?post=5747"}],"version-history":[{"count":4,"href":"https:\/\/rezon-poznan.pl\/squash\/wp-json\/wp\/v2\/pages\/5747\/revisions"}],"predecessor-version":[{"id":7661,"href":"https:\/\/rezon-poznan.pl\/squash\/wp-json\/wp\/v2\/pages\/5747\/revisions\/7661"}],"wp:attachment":[{"href":"https:\/\/rezon-poznan.pl\/squash\/wp-json\/wp\/v2\/media?parent=5747"}],"curies":[{"name":"wp","href":"https:\/\/api.w.org\/{rel}","templated":true}]}}