{"id":5681,"date":"2017-04-04T12:46:23","date_gmt":"2017-04-04T10:46:23","guid":{"rendered":"http:\/\/www.rezon-poznan.pl\/?page_id=5681"},"modified":"2018-03-29T15:57:11","modified_gmt":"2018-03-29T13:57:11","slug":"zasady-gry","status":"publish","type":"page","link":"https:\/\/rezon-poznan.pl\/squash\/squash\/zasady-gry\/","title":{"rendered":"Zasady gry"},"content":{"rendered":"<p>[et_pb_section bb_built=&#8221;1&#8243; _builder_version=&#8221;3.0.105&#8243; background_image=&#8221;https:\/\/rezon-poznan.pl\/squash\/wp-content\/uploads\/2017\/11\/slider-squash-rezon.jpg&#8221; custom_margin=&#8221;0px||0px|&#8221; custom_padding=&#8221;5px||5px|&#8221; next_background_color=&#8221;#000000&#8243;][et_pb_row _builder_version=&#8221;3.0.89&#8243; background_position=&#8221;top_left&#8221; background_repeat=&#8221;repeat&#8221; background_size=&#8221;initial&#8221;][et_pb_column type=&#8221;4_4&#8243;][et_pb_text background_layout=&#8221;dark&#8221; _builder_version=&#8221;3.0.105&#8243; text_font=&#8221;Paytone One||||||||&#8221; text_font_size=&#8221;55px&#8221; text_orientation=&#8221;center&#8221; background_position=&#8221;top_left&#8221; background_repeat=&#8221;repeat&#8221; background_size=&#8221;initial&#8221;]<\/p>\n<p>ZASADY GRY<\/p>\n<p>[\/et_pb_text][\/et_pb_column][\/et_pb_row][\/et_pb_section][et_pb_section bb_built=&#8221;1&#8243; _builder_version=&#8221;3.0.89&#8243; background_image=&#8221;https:\/\/rezon-poznan.pl\/squash\/wp-content\/uploads\/2017\/11\/background.png&#8221; parallax=&#8221;on&#8221; parallax_method=&#8221;off&#8221; prev_background_color=&#8221;#000000&#8243; next_background_color=&#8221;#a8a8a8&#8243;][et_pb_row _builder_version=&#8221;3.0.89&#8243; background_position=&#8221;top_left&#8221; background_repeat=&#8221;repeat&#8221; background_size=&#8221;initial&#8221;][et_pb_column type=&#8221;4_4&#8243;][et_pb_text]<\/p>\n<p class=\"hentry__title\"><a href=\"https:\/\/rezon-poznan.pl\/squash\/wp-content\/uploads\/2014\/04\/squashrakieta930x300.jpg\" rel=\"lightbox\"><img loading=\"lazy\" decoding=\"async\" class=\"size-medium wp-image-1947 alignright\" src=\"https:\/\/rezon-poznan.pl\/squash\/wp-content\/uploads\/2014\/04\/squashrakieta930x300-300x96.jpg\" alt=\"\" width=\"300\" height=\"96\" \/><\/a><\/p>\n<div class=\"hentry__content\">\n<h4>Squash polega na odbijaniu pi\u0142ki o \u015bcian\u0119 w wyznaczonym polu ograniczonym liniami. Linia nie liczy si\u0119 do pola i traktowana jest jako aut. Gra rozpoczyna si\u0119 serwisem, a pierwszego serwuj\u0105cego losuje si\u0119 przez obr\u00f3t rakiety.<\/h4>\n<p>Serwuj\u0105cy serwuje a\u017c do momentu, kiedy przegra wymian\u0119. Wtedy serwis przejmuje jego przeciwnik.<br \/>\nNa pocz\u0105tku drugiego i ka\u017cdego nast\u0119pnego seta jako pierwszy serwuje zwyci\u0119zca poprzedniego seta.<\/p>\n<p>Trzeba zwraca\u0107 uwag\u0119 aby serwis by\u0142 prawid\u0142owy i by:<\/p>\n<ul>\n<li>w momencie uderzenia pi\u0142ki serwuj\u0105cy dotyka\u0142 cz\u0119\u015bci\u0105 jednej stopy pod\u0142ogi wewn\u0105trz pola serwisowego, nie dotykaj\u0105c \u017cadn\u0105 jej cz\u0119\u015bci\u0105 linii tego pola (cz\u0119\u015b\u0107 tej stopy mo\u017ce wystawa\u0107 za t\u0119 lini\u0119, je\u017celi jej nie dotyka),<\/li>\n<li>serwuj\u0105cy uderza pi\u0142k\u0119 bezpo\u015brednio na \u015bcian\u0119 przedni\u0105 pomi\u0119dzy lini\u0119 serwisu (\u015brodkowa linia na \u015bcianie przedniej) i lini\u0119 autu (linia g\u00f3rna),<\/li>\n<li>z wyj\u0105tkiem sytuacji, w kt\u00f3rej odbieraj\u0105cy uderza pi\u0142k\u0119 z woleja, pierwsze odbicie pi\u0142ki na pod\u0142odze musi mie\u0107 miejsce w \u0107wiartce kortu przeciwleg\u0142ej polu serwuj\u0105cego. Pi\u0142ka nie mo\u017ce dotkn\u0105\u0107 ani linii kr\u00f3tkiej, ani linii po\u0142owy kortu.<\/li>\n<\/ul>\n<ul>\n<li>Po prawid\u0142owym serwisie, zawodnicy na zmian\u0119 uderzaj\u0105 pi\u0142k\u0119 do chwili, w kt\u00f3rej jednemu z nich nie uda\u0142o si\u0119 wykona\u0107 poprawnego uderzenia. Kiedy uderzenie jest niepoprawne to:\n<ul>\n<li>przed drugim odbiciem pi\u0142ki od pod\u0142ogi (zawodnik mo\u017ce uderzy\u0107 pi\u0142k\u0119 z woleja lub po jednym jej odbiciu od pod\u0142ogi),<\/li>\n<li>nad blach\u0105 (uderzenie w blach\u0119 lub lini\u0119 nad ni\u0105 jest b\u0142\u0119dem); bezpo\u015brednio lub po odbiciu od \u015bcian(y) bocznych i\/lub \u015bciany tylnej, bez wcze\u015bniejszego dotykania pod\u0142ogi lub jakiejkolwiek cz\u0119\u015bci cia\u0142a czy stroju uderzaj\u0105cego, a tak\u017ce jakiejkolwiek cz\u0119\u015bci cia\u0142a, stroju czy rakiety przeciwnika,<\/li>\n<li>poni\u017cej linii autu \u2013 je\u017celi pi\u0142ka dotknie g\u00f3rnej linii kortu, jest pi\u0142k\u0105 nieprawid\u0142ow\u0105.<\/li>\n<\/ul>\n<\/li>\n<li>W ka\u017cdym secie walka toczy si\u0119 do 11 punkt\u00f3w.<\/li>\n<li>Punkty zdobywa si\u0119 w ka\u017cdej wymianie.<\/li>\n<li>Przy stanie 10:10 aby wygra\u0107 set, jeden z zawodnik\u00f3w musi zdoby\u0107 dwupunktow\u0105 przewag\u0119 (np. 15:13).<\/li>\n<li>Wcze\u015bniejszy, brytyjski system punktowania zak\u0142ada\u0142, \u017ce punkty s\u0105 zdobywane tylko przez serwuj\u0105cego. Gdy odbieraj\u0105cy wygrywa\u0142 wymian\u0119, zdobywa\u0142 jedynie prawo do serwisu. Gra w tym systemie toczy\u0142a si\u0119 do zdobycia przez jednego z zawodnik\u00f3w 9 punkt\u00f3w.<\/li>\n<\/ul>\n<h1 class=\"hentry__title\">Korty o okre\u015blonych wymiarach<\/h1>\n<h1 class=\"hentry__title\"><a href=\"https:\/\/rezon-poznan.pl\/squash\/wp-content\/uploads\/2013\/10\/asb-squash-courts.jpg\" rel=\"lightbox\"><img loading=\"lazy\" decoding=\"async\" class=\"wp-image-231 aligncenter\" src=\"https:\/\/rezon-poznan.pl\/squash\/wp-content\/uploads\/2013\/10\/asb-squash-courts-300x153.jpg\" alt=\"\" width=\"445\" height=\"227\" srcset=\"https:\/\/rezon-poznan.pl\/squash\/wp-content\/uploads\/2013\/10\/asb-squash-courts-300x153.jpg 300w, https:\/\/rezon-poznan.pl\/squash\/wp-content\/uploads\/2013\/10\/asb-squash-courts.jpg 735w\" sizes=\"(max-width: 445px) 100vw, 445px\" \/><\/a><\/h1>\n<h4 class=\"hentry__content\">Squash to gra, w kt\u00f3rej\u00a0dok\u0142adnie okre\u015blone s\u0105 nie tylko\u00a0zasady, ale te\u017c wymiary i wygl\u0105d kort\u00f3w.<\/h4>\n<div class=\"hentry__content\">\n<p>Wielko\u015b\u0107 kort\u00f3w zosta\u0142a okre\u015blona w 1920 roku. Obecnie zmieni\u0107 je mo\u017ce jedynie Mi\u0119dzynarodowa Federacja Squasha. Ka\u017cdy kort musi mie\u0107 <strong>9750 mm<\/strong> d\u0142ugo\u015bci i <strong>6400 mm<\/strong> szeroko\u015bci. Gra si\u0119 w pomieszczeniu, kt\u00f3re zamkni\u0119te jest ze wszystkich czterech stron. Ka\u017cda \u015bciana bierze udzia\u0142 w grze i oznaczona jest specjalnymi liniami. Pod\u0142og\u0119 najcz\u0119\u015bciej stanowi parkiet, a \u015bcian\u0119 tyln\u0105 w wi\u0119kszo\u015bci przypadk\u00f3w szk\u0142o.<\/p>\n<\/div>\n<\/div>\n<p>[\/et_pb_text][\/et_pb_column][\/et_pb_row][\/et_pb_section][et_pb_section bb_built=&#8221;1&#8243; background_color=&#8221;#a8a8a8&#8243; _builder_version=&#8221;3.0.86&#8243; background_image=&#8221;https:\/\/rezon-poznan.pl\/squash\/wp-content\/uploads\/2017\/11\/background.png&#8221; parallax=&#8221;on&#8221; parallax_method=&#8221;off&#8221; custom_padding=&#8221;17px|0px|0px|0px&#8221; prev_background_color=&#8221;#ffffff&#8221; global_module=&#8221;6683&#8243;][et_pb_row global_parent=&#8221;6683&#8243; custom_padding=&#8221;6px|0px|36px|0px&#8221; _builder_version=&#8221;3.0.47&#8243; background_size=&#8221;initial&#8221; background_position=&#8221;top_left&#8221; background_repeat=&#8221;repeat&#8221;][et_pb_column type=&#8221;1_4&#8243;][et_pb_image global_parent=&#8221;6683&#8243; src=&#8221;https:\/\/rezon-poznan.pl\/squash\/wp-content\/uploads\/2017\/11\/logo-squash.png&#8221; _builder_version=&#8221;3.0.105&#8243; max_width=&#8221;80%&#8221; module_alignment=&#8221;left&#8221; custom_margin=&#8221;0px|||&#8221; animation_style=&#8221;fold&#8221; show_in_lightbox=&#8221;off&#8221; url_new_window=&#8221;off&#8221; use_overlay=&#8221;off&#8221; always_center_on_mobile=&#8221;on&#8221; force_fullwidth=&#8221;off&#8221; show_bottom_space=&#8221;on&#8221; \/][\/et_pb_column][et_pb_column type=&#8221;1_4&#8243;][et_pb_text global_parent=&#8221;6683&#8243; _builder_version=&#8221;3.0.86&#8243; text_font=&#8221;Paytone One||||||||&#8221; text_font_size=&#8221;15px&#8221; text_text_color=&#8221;#ffffff&#8221; text_text_shadow_style=&#8221;preset3&#8243;]<\/p>\n<p>CENTRUM REZON<\/p>\n<p>[\/et_pb_text][et_pb_text global_parent=&#8221;6683&#8243; _builder_version=&#8221;3.0.86&#8243; text_font=&#8221;Lato||||||||&#8221; text_font_size=&#8221;15px&#8221;]<\/p>\n<p>ul. Kolejowa 32\u200e<br \/>\n62-064\u00a0<span style=\"font-size: 15px;\">Plewiska <\/span><\/p>\n<p>[\/et_pb_text][\/et_pb_column][et_pb_column type=&#8221;1_4&#8243;][et_pb_text global_parent=&#8221;6683&#8243; background_layout=&#8221;dark&#8221; _builder_version=&#8221;3.0.86&#8243; text_font=&#8221;Paytone One||||||||&#8221; text_font_size=&#8221;15px&#8221; text_text_shadow_style=&#8221;preset3&#8243;]<\/p>\n<p>REZERWACJE<\/p>\n<p>[\/et_pb_text][et_pb_text global_parent=&#8221;6683&#8243; _builder_version=&#8221;3.0.86&#8243; text_font=&#8221;Lato||||||||&#8221; text_font_size=&#8221;15px&#8221;]<\/p>\n<p><span style=\"font-size: 10.5pt; line-height: 115%;\">Wszystkie sekcje, zaj\u0119cia, szkolenia itd. Rezerwuj pod numerem: <b>880-984-886<\/b><\/span><\/p>\n<p>[\/et_pb_text][\/et_pb_column][et_pb_column type=&#8221;1_4&#8243;][et_pb_text global_parent=&#8221;6683&#8243; background_layout=&#8221;dark&#8221; _builder_version=&#8221;3.0.86&#8243; text_font=&#8221;Paytone One||||||||&#8221; text_font_size=&#8221;15px&#8221; text_text_shadow_style=&#8221;preset3&#8243;]<\/p>\n<p>WYDARZENIA<\/p>\n<p>[\/et_pb_text][et_pb_sidebar global_parent=&#8221;6683&#8243; area=&#8221;sidebar-1&#8243; show_border=&#8221;off&#8221; _builder_version=&#8221;3.0.86&#8243; header_font=&#8221;Lato||||||||&#8221; text_orientation=&#8221;center&#8221; \/][\/et_pb_column][\/et_pb_row][\/et_pb_section]<\/p>\n","protected":false},"excerpt":{"rendered":"<p>ZASADY GRY <div class=\"et_pb_module et_pb_text et_pb_text_0  et_pb_text_align_left et_pb_bg_layout_light\">\n\t\t\t\t\n\t\t\t\t\n\t\t\t\t\n\t\t\t\t\n\t\t\t\t\n\t\t\t<\/div> Squash polega na odbijaniu pi\u0142ki o \u015bcian\u0119 w wyznaczonym polu ograniczonym liniami. Linia nie liczy si\u0119 do pola i traktowana jest jako aut. Gra rozpoczyna si\u0119 serwisem, a pierwszego serwuj\u0105cego losuje si\u0119 przez obr\u00f3t rakiety. Serwuj\u0105cy serwuje a\u017c do momentu, kiedy przegra wymian\u0119. Wtedy serwis przejmuje jego przeciwnik. Na pocz\u0105tku drugiego i [&hellip;]<\/p>\n","protected":false},"author":3,"featured_media":0,"parent":6141,"menu_order":0,"comment_status":"closed","ping_status":"closed","template":"","meta":{"_et_pb_use_builder":"on","_et_pb_old_content":"<p class=\"hentry__title\"><a href=\"http:\/\/rezon-poznan.pl\/squash\/wp-content\/uploads\/2014\/04\/squashrakieta930x300.jpg\" rel=\"lightbox\"><img class=\"size-medium wp-image-1947 alignright\" src=\"http:\/\/rezon-poznan.pl\/squash\/wp-content\/uploads\/2014\/04\/squashrakieta930x300-300x96.jpg\" alt=\"\" width=\"300\" height=\"96\" \/><\/a><\/p>\r\n\r\n<div class=\"hentry__content\">\r\n<h4>Squash polega na odbijaniu pi\u0142ki o \u015bcian\u0119 w wyznaczonym polu ograniczonym liniami. Linia nie liczy si\u0119 do pola i traktowana jest jako aut. Gra rozpoczyna si\u0119 serwisem, a pierwszego serwuj\u0105cego losuje si\u0119 przez obr\u00f3t rakiety.<\/h4>\r\nSerwuj\u0105cy serwuje a\u017c do momentu, kiedy przegra wymian\u0119. Wtedy serwis przejmuje jego przeciwnik.\r\nNa pocz\u0105tku drugiego i ka\u017cdego nast\u0119pnego seta jako pierwszy serwuje zwyci\u0119zca poprzedniego seta.\r\n\r\nTrzeba zwraca\u0107 uwag\u0119 aby serwis by\u0142 prawid\u0142owy i by:\r\n<ul>\r\n \t<li>w momencie uderzenia pi\u0142ki serwuj\u0105cy dotyka\u0142 cz\u0119\u015bci\u0105 jednej stopy pod\u0142ogi wewn\u0105trz pola serwisowego, nie dotykaj\u0105c \u017cadn\u0105 jej cz\u0119\u015bci\u0105 linii tego pola (cz\u0119\u015b\u0107 tej stopy mo\u017ce wystawa\u0107 za t\u0119 lini\u0119, je\u017celi jej nie dotyka),<\/li>\r\n \t<li>serwuj\u0105cy uderza pi\u0142k\u0119 bezpo\u015brednio na \u015bcian\u0119 przedni\u0105 pomi\u0119dzy lini\u0119 serwisu (\u015brodkowa linia na \u015bcianie przedniej) i lini\u0119 autu (linia g\u00f3rna),<\/li>\r\n \t<li>z wyj\u0105tkiem sytuacji, w kt\u00f3rej odbieraj\u0105cy uderza pi\u0142k\u0119 z woleja, pierwsze odbicie pi\u0142ki na pod\u0142odze musi mie\u0107 miejsce w \u0107wiartce kortu przeciwleg\u0142ej polu serwuj\u0105cego. Pi\u0142ka nie mo\u017ce dotkn\u0105\u0107 ani linii kr\u00f3tkiej, ani linii po\u0142owy kortu.<\/li>\r\n<\/ul>\r\n<ul>\r\n \t<li>Po prawid\u0142owym serwisie, zawodnicy na zmian\u0119 uderzaj\u0105 pi\u0142k\u0119 do chwili, w kt\u00f3rej jednemu z nich nie uda\u0142o si\u0119 wykona\u0107 poprawnego uderzenia. Kiedy uderzenie jest niepoprawne to:\r\n<ul>\r\n \t<li>przed drugim odbiciem pi\u0142ki od pod\u0142ogi (zawodnik mo\u017ce uderzy\u0107 pi\u0142k\u0119 z woleja lub po jednym jej odbiciu od pod\u0142ogi),<\/li>\r\n \t<li>nad blach\u0105 (uderzenie w blach\u0119 lub lini\u0119 nad ni\u0105 jest b\u0142\u0119dem); bezpo\u015brednio lub po odbiciu od \u015bcian(y) bocznych i\/lub \u015bciany tylnej, bez wcze\u015bniejszego dotykania pod\u0142ogi lub jakiejkolwiek cz\u0119\u015bci cia\u0142a czy stroju uderzaj\u0105cego, a tak\u017ce jakiejkolwiek cz\u0119\u015bci cia\u0142a, stroju czy rakiety przeciwnika,<\/li>\r\n \t<li>poni\u017cej linii autu \u2013 je\u017celi pi\u0142ka dotknie g\u00f3rnej linii kortu, jest pi\u0142k\u0105 nieprawid\u0142ow\u0105.<\/li>\r\n<\/ul>\r\n<\/li>\r\n \t<li>W ka\u017cdym secie walka toczy si\u0119 do 11 punkt\u00f3w.<\/li>\r\n \t<li>Punkty zdobywa si\u0119 w ka\u017cdej wymianie.<\/li>\r\n \t<li>Przy stanie 10:10 aby wygra\u0107 set, jeden z zawodnik\u00f3w musi zdoby\u0107 dwupunktow\u0105 przewag\u0119 (np. 15:13).<\/li>\r\n \t<li>Wcze\u015bniejszy, brytyjski system punktowania zak\u0142ada\u0142, \u017ce punkty s\u0105 zdobywane tylko przez serwuj\u0105cego. Gdy odbieraj\u0105cy wygrywa\u0142 wymian\u0119, zdobywa\u0142 jedynie prawo do serwisu. Gra w tym systemie toczy\u0142a si\u0119 do zdobycia przez jednego z zawodnik\u00f3w 9 punkt\u00f3w.<\/li>\r\n<\/ul>\r\n\u00a0\r\n\r\n\u00a0\r\n<h1 class=\"hentry__title\">Korty o okre\u015blonych wymiarach<\/h1>\r\n<h1 class=\"hentry__title\"><a href=\"http:\/\/rezon-poznan.pl\/squash\/wp-content\/uploads\/2013\/10\/asb-squash-courts.jpg\" rel=\"lightbox\"><img class=\"wp-image-231 aligncenter\" src=\"http:\/\/rezon-poznan.pl\/squash\/wp-content\/uploads\/2013\/10\/asb-squash-courts-300x153.jpg\" alt=\"\" width=\"445\" height=\"227\" \/><\/a><\/h1>\r\n<h4 class=\"hentry__content\">Squash to gra, w kt\u00f3rej\u00a0dok\u0142adnie okre\u015blone s\u0105 nie tylko\u00a0zasady, ale te\u017c wymiary i wygl\u0105d kort\u00f3w.<\/h4>\r\n<div class=\"hentry__content\">\r\n\r\nWielko\u015b\u0107 kort\u00f3w zosta\u0142a okre\u015blona w 1920 roku. Obecnie zmieni\u0107 je mo\u017ce jedynie Mi\u0119dzynarodowa Federacja Squasha. Ka\u017cdy kort musi mie\u0107 <strong>9750 mm<\/strong> d\u0142ugo\u015bci i <strong>6400 mm<\/strong> szeroko\u015bci. Gra si\u0119 w pomieszczeniu, kt\u00f3re zamkni\u0119te jest ze wszystkich czterech stron. Ka\u017cda \u015bciana bierze udzia\u0142 w grze i oznaczona jest specjalnymi liniami. Pod\u0142og\u0119 najcz\u0119\u015bciej stanowi parkiet, a \u015bcian\u0119 tyln\u0105 w wi\u0119kszo\u015bci przypadk\u00f3w szk\u0142o.\r\n\r\n<\/div>\r\n<\/div>","_et_gb_content_width":"","footnotes":""},"class_list":["post-5681","page","type-page","status-publish","hentry"],"_links":{"self":[{"href":"https:\/\/rezon-poznan.pl\/squash\/wp-json\/wp\/v2\/pages\/5681","targetHints":{"allow":["GET"]}}],"collection":[{"href":"https:\/\/rezon-poznan.pl\/squash\/wp-json\/wp\/v2\/pages"}],"about":[{"href":"https:\/\/rezon-poznan.pl\/squash\/wp-json\/wp\/v2\/types\/page"}],"author":[{"embeddable":true,"href":"https:\/\/rezon-poznan.pl\/squash\/wp-json\/wp\/v2\/users\/3"}],"replies":[{"embeddable":true,"href":"https:\/\/rezon-poznan.pl\/squash\/wp-json\/wp\/v2\/comments?post=5681"}],"version-history":[{"count":4,"href":"https:\/\/rezon-poznan.pl\/squash\/wp-json\/wp\/v2\/pages\/5681\/revisions"}],"predecessor-version":[{"id":6807,"href":"https:\/\/rezon-poznan.pl\/squash\/wp-json\/wp\/v2\/pages\/5681\/revisions\/6807"}],"up":[{"embeddable":true,"href":"https:\/\/rezon-poznan.pl\/squash\/wp-json\/wp\/v2\/pages\/6141"}],"wp:attachment":[{"href":"https:\/\/rezon-poznan.pl\/squash\/wp-json\/wp\/v2\/media?parent=5681"}],"curies":[{"name":"wp","href":"https:\/\/api.w.org\/{rel}","templated":true}]}}