{"id":2481,"date":"2014-10-01T10:52:14","date_gmt":"2014-10-01T08:52:14","guid":{"rendered":"http:\/\/www.rezon-poznan.pl\/?page_id=2481"},"modified":"2014-10-01T10:52:14","modified_gmt":"2014-10-01T08:52:14","slug":"lista-zgloszen","status":"publish","type":"page","link":"https:\/\/rezon-poznan.pl\/squash\/squash\/liga-rezon-monday-tour\/lista-zgloszen\/","title":{"rendered":"Lista zg\u0142osze\u0144"},"content":{"rendered":"<p><strong>\u00a0\u00a0\u00a0\u00a0Lp. Nazwisko i Imi\u0119<\/strong><\/p>\n<ol>\n<li>Bator Przemys\u0142aw<\/li>\n<li>Below Adam<\/li>\n<li>Be\u0142cikowski \u0141ukasz<\/li>\n<li>Boche\u0144ska Magda<\/li>\n<li>Gardzi\u0144ski Tomasz<\/li>\n<li>G\u0142owacki Tomasz<\/li>\n<li>Jarmusz Krzysztof<\/li>\n<li>Kaczor Pawe\u0142<\/li>\n<li>Ludwiczak Pawe\u0142<\/li>\n<li>Markiewicz Patryk<\/li>\n<li>Mazur Bogumi\u0142<\/li>\n<li>Miko\u0142ajczyk Miko\u0142aj<\/li>\n<li>Mrowiec Piotr<\/li>\n<li>Nowak S\u0142awomir<\/li>\n<li>P\u0119dowska Marzena<\/li>\n<li>P\u0119dowski Artur<\/li>\n<li>Rogacki Pawe\u0142<\/li>\n<li>Sierpi\u0144ski \u0141ukasz<\/li>\n<li>Str\u00f3\u017cyk Joanna<\/li>\n<li>Str\u00f3\u017cyk Mateusz<\/li>\n<li>Szarafi\u0144ski Miko\u0142aj<\/li>\n<li>Szydzik Szymon<\/li>\n<li>Tyma Karol<\/li>\n<li>Urbaniak Piotr<\/li>\n<li>Wasiak Piotr<\/li>\n<li>Zieli\u0144ski \u0141ukasz<\/li>\n<li><\/li>\n<\/ol>\n","protected":false},"excerpt":{"rendered":"<p>\u00a0\u00a0\u00a0\u00a0Lp. Nazwisko i Imi\u0119 Bator Przemys\u0142aw Below Adam Be\u0142cikowski \u0141ukasz Boche\u0144ska Magda Gardzi\u0144ski Tomasz G\u0142owacki Tomasz Jarmusz Krzysztof Kaczor Pawe\u0142 Ludwiczak Pawe\u0142 Markiewicz Patryk Mazur Bogumi\u0142 Miko\u0142ajczyk Miko\u0142aj Mrowiec Piotr Nowak S\u0142awomir P\u0119dowska Marzena P\u0119dowski Artur Rogacki Pawe\u0142 Sierpi\u0144ski \u0141ukasz Str\u00f3\u017cyk Joanna Str\u00f3\u017cyk Mateusz Szarafi\u0144ski Miko\u0142aj Szydzik Szymon Tyma Karol Urbaniak Piotr Wasiak Piotr Zieli\u0144ski [&hellip;]<\/p>\n","protected":false},"author":3,"featured_media":0,"parent":6147,"menu_order":4,"comment_status":"open","ping_status":"closed","template":"","meta":{"_et_pb_use_builder":"","_et_pb_old_content":"","_et_gb_content_width":"","footnotes":""},"class_list":["post-2481","page","type-page","status-publish","hentry"],"_links":{"self":[{"href":"https:\/\/rezon-poznan.pl\/squash\/wp-json\/wp\/v2\/pages\/2481","targetHints":{"allow":["GET"]}}],"collection":[{"href":"https:\/\/rezon-poznan.pl\/squash\/wp-json\/wp\/v2\/pages"}],"about":[{"href":"https:\/\/rezon-poznan.pl\/squash\/wp-json\/wp\/v2\/types\/page"}],"author":[{"embeddable":true,"href":"https:\/\/rezon-poznan.pl\/squash\/wp-json\/wp\/v2\/users\/3"}],"replies":[{"embeddable":true,"href":"https:\/\/rezon-poznan.pl\/squash\/wp-json\/wp\/v2\/comments?post=2481"}],"version-history":[{"count":0,"href":"https:\/\/rezon-poznan.pl\/squash\/wp-json\/wp\/v2\/pages\/2481\/revisions"}],"up":[{"embeddable":true,"href":"https:\/\/rezon-poznan.pl\/squash\/wp-json\/wp\/v2\/pages\/6147"}],"wp:attachment":[{"href":"https:\/\/rezon-poznan.pl\/squash\/wp-json\/wp\/v2\/media?parent=2481"}],"curies":[{"name":"wp","href":"https:\/\/api.w.org\/{rel}","templated":true}]}}